{"id":572,"date":"2026-01-08T13:18:22","date_gmt":"2026-01-08T13:18:22","guid":{"rendered":"https:\/\/maisonalparco.it\/homepage\/"},"modified":"2026-03-22T06:23:03","modified_gmt":"2026-03-22T06:23:03","slug":"homepage","status":"publish","type":"page","link":"https:\/\/maisonalparco.it\/fr\/","title":{"rendered":"Homepage"},"content":{"rendered":"\t\t<div data-elementor-type=\"wp-page\" data-elementor-id=\"572\" class=\"elementor elementor-572 elementor-81\" data-elementor-post-type=\"page\">\n\t\t\t\t<div class=\"elementor-element elementor-element-d9c2ad9 e-con-full elementor-hidden-desktop elementor-hidden-tablet e-flex e-con e-parent\" data-id=\"d9c2ad9\" data-element_type=\"container\" data-e-type=\"container\">\n\t\t\t\t<div class=\"elementor-element elementor-element-2d784aa elementor--h-position-center elementor--v-position-middle elementor-widget elementor-widget-slides\" data-id=\"2d784aa\" data-element_type=\"widget\" data-e-type=\"widget\" data-settings=\"{&quot;navigation&quot;:&quot;none&quot;,&quot;autoplay&quot;:&quot;yes&quot;,&quot;pause_on_hover&quot;:&quot;yes&quot;,&quot;pause_on_interaction&quot;:&quot;yes&quot;,&quot;autoplay_speed&quot;:5000,&quot;infinite&quot;:&quot;yes&quot;,&quot;transition&quot;:&quot;slide&quot;,&quot;transition_speed&quot;:500}\" data-widget_type=\"slides.default\">\n\t\t\t\t\t\t\t\t\t\t<div class=\"elementor-slides-wrapper elementor-main-swiper swiper\" role=\"region\" aria-roledescription=\"carousel\" aria-label=\"Slides\" dir=\"ltr\" data-animation=\"fadeInUp\">\n\t\t\t\t<div class=\"swiper-wrapper elementor-slides\">\n\t\t\t\t\t\t\t\t\t\t<div class=\"elementor-repeater-item-dc7d551 swiper-slide\" role=\"group\" aria-roledescription=\"slide\"><div class=\"swiper-slide-bg elementor-ken-burns elementor-ken-burns--in\" role=\"img\" aria-label=\"WhatsApp-Image-2025-01-22-at-14.29.42 (1)\"><\/div><div class=\"swiper-slide-inner\" ><div class=\"swiper-slide-contents\"><\/div><\/div><\/div>\t\t\t\t<\/div>\n\t\t\t\t\t\t\t<\/div>\n\t\t\t\t\t\t\t\t<\/div>\n\t\t\t\t<\/div>\n\t\t<div class=\"elementor-element elementor-element-5c7a1a4 e-con-full elementor-hidden-mobile e-flex e-con e-parent\" data-id=\"5c7a1a4\" data-element_type=\"container\" data-e-type=\"container\">\n\t\t\t\t<div class=\"elementor-element elementor-element-5324fd9 elementor--h-position-center elementor--v-position-middle elementor-widget elementor-widget-slides\" data-id=\"5324fd9\" data-element_type=\"widget\" data-e-type=\"widget\" data-settings=\"{&quot;navigation&quot;:&quot;none&quot;,&quot;autoplay&quot;:&quot;yes&quot;,&quot;pause_on_hover&quot;:&quot;yes&quot;,&quot;pause_on_interaction&quot;:&quot;yes&quot;,&quot;autoplay_speed&quot;:5000,&quot;infinite&quot;:&quot;yes&quot;,&quot;transition&quot;:&quot;slide&quot;,&quot;transition_speed&quot;:500}\" data-widget_type=\"slides.default\">\n\t\t\t\t\t\t\t\t\t\t<div class=\"elementor-slides-wrapper elementor-main-swiper swiper\" role=\"region\" aria-roledescription=\"carousel\" aria-label=\"Slides\" dir=\"ltr\" data-animation=\"fadeInUp\">\n\t\t\t\t<div class=\"swiper-wrapper elementor-slides\">\n\t\t\t\t\t\t\t\t\t\t<div class=\"elementor-repeater-item-dc7d551 swiper-slide\" role=\"group\" aria-roledescription=\"slide\"><div class=\"swiper-slide-bg elementor-ken-burns elementor-ken-burns--in\" role=\"img\" aria-label=\"WhatsApp-Image-2025-01-22-at-14.29.42 (1)\"><\/div><div class=\"swiper-slide-inner\" ><div class=\"swiper-slide-contents\"><\/div><\/div><\/div>\t\t\t\t<\/div>\n\t\t\t\t\t\t\t<\/div>\n\t\t\t\t\t\t\t\t<\/div>\n\t\t\t\t<\/div>\n\t\t<div class=\"elementor-element elementor-element-377cb08 elementor-hidden-desktop elementor-hidden-tablet e-flex e-con-boxed e-con e-parent\" data-id=\"377cb08\" data-element_type=\"container\" data-e-type=\"container\">\n\t\t\t\t\t<div class=\"e-con-inner\">\n\t\t<div class=\"elementor-element elementor-element-ccf6ce5 e-con-full e-flex e-con e-child\" data-id=\"ccf6ce5\" data-element_type=\"container\" data-e-type=\"container\">\n\t\t\t\t<div class=\"elementor-element elementor-element-b7cc9f5 elementor-widget elementor-widget-text-editor\" data-id=\"b7cc9f5\" data-element_type=\"widget\" data-e-type=\"widget\" data-widget_type=\"text-editor.default\">\n\t\t\t\t\t\t\t\t\t<p>Maison al Parco est le choix id\u00e9al pour ceux qui recherchent un h\u00e9bergement fonctionnel, moderne et confortable \u00e0 quelques minutes seulement de l&rsquo;a\u00e9roport de Bergame. Con\u00e7u pour r\u00e9pondre aux besoins des voyageurs, il offre intimit\u00e9, commodit\u00e9 et services cibl\u00e9s pour rendre chaque s\u00e9jour simple, s\u00fbr et sans stress. <\/p><p>Que vous planifiez un court s\u00e9jour en ville ou que vous ayez un vol t\u00f4t le matin, la Maison al Parco est le point de d\u00e9part id\u00e9al : facile d&rsquo;acc\u00e8s, pratique pour le d\u00e9part, proche des grands axes routiers et \u00e9quip\u00e9e de tout le confort n\u00e9cessaire pour se d\u00e9tendre avant ou apr\u00e8s votre voyage.<\/p><p>Il est difficile de trouver dans la r\u00e9gion une solution plus organis\u00e9e, accueillante et bien entretenue, qui allie efficacit\u00e9, confort et un rapport qualit\u00e9-prix vraiment avantageux.<\/p>\t\t\t\t\t\t\t\t<\/div>\n\t\t\t\t<\/div>\n\t\t\t\t\t<\/div>\n\t\t\t\t<\/div>\n\t\t<div class=\"elementor-element elementor-element-84d5812 elementor-hidden-mobile e-flex e-con-boxed e-con e-parent\" data-id=\"84d5812\" data-element_type=\"container\" data-e-type=\"container\">\n\t\t\t\t\t<div class=\"e-con-inner\">\n\t\t<div class=\"elementor-element elementor-element-ba9c20b e-con-full e-flex e-con e-child\" data-id=\"ba9c20b\" data-element_type=\"container\" data-e-type=\"container\">\n\t\t\t\t<\/div>\n\t\t<div class=\"elementor-element elementor-element-f334bc7 e-con-full e-flex e-con e-child\" data-id=\"f334bc7\" data-element_type=\"container\" data-e-type=\"container\">\n\t\t\t\t<div class=\"elementor-element elementor-element-ae56798 elementor-widget elementor-widget-text-editor\" data-id=\"ae56798\" data-element_type=\"widget\" data-e-type=\"widget\" data-widget_type=\"text-editor.default\">\n\t\t\t\t\t\t\t\t\t<p>Maison al Parco est le choix id\u00e9al pour ceux qui recherchent un h\u00e9bergement fonctionnel, moderne et confortable \u00e0 quelques minutes seulement de l&rsquo;a\u00e9roport de Bergame. Con\u00e7u pour r\u00e9pondre aux besoins des voyageurs, il offre intimit\u00e9, commodit\u00e9 et services cibl\u00e9s pour rendre chaque s\u00e9jour simple, s\u00fbr et sans stress. <\/p><p>Que vous planifiez un court s\u00e9jour en ville ou que vous ayez un vol t\u00f4t le matin, la Maison al Parco est le point de d\u00e9part id\u00e9al : facile d&rsquo;acc\u00e8s, pratique pour le d\u00e9part, proche des grands axes routiers et \u00e9quip\u00e9e de tout le confort n\u00e9cessaire pour se d\u00e9tendre avant ou apr\u00e8s votre voyage.<\/p><p>Il est difficile de trouver dans la r\u00e9gion une solution plus organis\u00e9e, accueillante et bien entretenue, qui allie efficacit\u00e9, confort et un rapport qualit\u00e9-prix vraiment avantageux.<\/p>\t\t\t\t\t\t\t\t<\/div>\n\t\t\t\t<\/div>\n\t\t\t\t\t<\/div>\n\t\t\t\t<\/div>\n\t\t<div class=\"elementor-element elementor-element-402aff1 e-con-full elementor-hidden-desktop elementor-hidden-tablet e-flex e-con e-parent\" data-id=\"402aff1\" data-element_type=\"container\" data-e-type=\"container\">\n\t\t\t\t<div class=\"elementor-element elementor-element-d70a1ae elementor--h-position-center elementor--v-position-middle elementor-widget elementor-widget-slides\" data-id=\"d70a1ae\" data-element_type=\"widget\" data-e-type=\"widget\" data-settings=\"{&quot;navigation&quot;:&quot;none&quot;,&quot;autoplay&quot;:&quot;yes&quot;,&quot;pause_on_hover&quot;:&quot;yes&quot;,&quot;pause_on_interaction&quot;:&quot;yes&quot;,&quot;autoplay_speed&quot;:5000,&quot;infinite&quot;:&quot;yes&quot;,&quot;transition&quot;:&quot;slide&quot;,&quot;transition_speed&quot;:500}\" data-widget_type=\"slides.default\">\n\t\t\t\t\t\t\t\t\t\t<div class=\"elementor-slides-wrapper elementor-main-swiper swiper\" role=\"region\" aria-roledescription=\"carousel\" aria-label=\"Slides\" dir=\"ltr\" data-animation=\"fadeInUp\">\n\t\t\t\t<div class=\"swiper-wrapper elementor-slides\">\n\t\t\t\t\t\t\t\t\t\t<div class=\"elementor-repeater-item-dc7d551 swiper-slide\" role=\"group\" aria-roledescription=\"slide\"><div class=\"swiper-slide-bg\" role=\"img\" aria-label=\"WhatsApp Image 2025-01-22 at 14.54.18\"><\/div><div class=\"swiper-slide-inner\" ><div class=\"swiper-slide-contents\"><\/div><\/div><\/div>\t\t\t\t<\/div>\n\t\t\t\t\t\t\t<\/div>\n\t\t\t\t\t\t\t\t<\/div>\n\t\t\t\t<\/div>\n\t\t<div class=\"elementor-element elementor-element-ff001a8 e-con-full elementor-hidden-mobile e-flex e-con e-parent\" data-id=\"ff001a8\" data-element_type=\"container\" data-e-type=\"container\">\n\t\t\t\t<div class=\"elementor-element elementor-element-6494f42 elementor--h-position-center elementor--v-position-middle elementor-widget elementor-widget-slides\" data-id=\"6494f42\" data-element_type=\"widget\" data-e-type=\"widget\" data-settings=\"{&quot;navigation&quot;:&quot;none&quot;,&quot;autoplay&quot;:&quot;yes&quot;,&quot;pause_on_hover&quot;:&quot;yes&quot;,&quot;pause_on_interaction&quot;:&quot;yes&quot;,&quot;autoplay_speed&quot;:5000,&quot;infinite&quot;:&quot;yes&quot;,&quot;transition&quot;:&quot;slide&quot;,&quot;transition_speed&quot;:500}\" data-widget_type=\"slides.default\">\n\t\t\t\t\t\t\t\t\t\t<div class=\"elementor-slides-wrapper elementor-main-swiper swiper\" role=\"region\" aria-roledescription=\"carousel\" aria-label=\"Slides\" dir=\"ltr\" data-animation=\"fadeInUp\">\n\t\t\t\t<div class=\"swiper-wrapper elementor-slides\">\n\t\t\t\t\t\t\t\t\t\t<div class=\"elementor-repeater-item-dc7d551 swiper-slide\" role=\"group\" aria-roledescription=\"slide\"><div class=\"swiper-slide-bg\" role=\"img\" aria-label=\"WhatsApp Image 2025-01-22 at 14.54.18\"><\/div><div class=\"swiper-slide-inner\" ><div class=\"swiper-slide-contents\"><\/div><\/div><\/div>\t\t\t\t<\/div>\n\t\t\t\t\t\t\t<\/div>\n\t\t\t\t\t\t\t\t<\/div>\n\t\t\t\t<\/div>\n\t\t<div class=\"elementor-element elementor-element-a007c99 elementor-hidden-desktop elementor-hidden-tablet e-flex e-con-boxed e-con e-parent\" data-id=\"a007c99\" data-element_type=\"container\" data-e-type=\"container\">\n\t\t\t\t\t<div class=\"e-con-inner\">\n\t\t<div class=\"elementor-element elementor-element-9eb8db3 e-con-full e-flex e-con e-child\" data-id=\"9eb8db3\" data-element_type=\"container\" data-e-type=\"container\">\n\t\t\t\t<div class=\"elementor-element elementor-element-dbb3c6c elementor-widget elementor-widget-text-editor\" data-id=\"dbb3c6c\" data-element_type=\"widget\" data-e-type=\"widget\" data-widget_type=\"text-editor.default\">\n\t\t\t\t\t\t\t\t\t<p><strong>CHAMBRES ET SUITES<\/strong><\/p>\t\t\t\t\t\t\t\t<\/div>\n\t\t\t\t<\/div>\n\t\t<div class=\"elementor-element elementor-element-4855d5d e-con-full e-flex e-con e-child\" data-id=\"4855d5d\" data-element_type=\"container\" data-e-type=\"container\">\n\t\t\t\t<div class=\"elementor-element elementor-element-3fe5151 elementor-widget elementor-widget-text-editor\" data-id=\"3fe5151\" data-element_type=\"widget\" data-e-type=\"widget\" data-widget_type=\"text-editor.default\">\n\t\t\t\t\t\t\t\t\t<p>Chaque d\u00e9tail de la propri\u00e9t\u00e9 est pens\u00e9 pour vous offrir un s\u00e9jour paisible, rapide et fonctionnel, sans rien sacrifier \u00e0 une atmosph\u00e8re agr\u00e9able et chaleureuse.<br>\u00c0 la Maison al Parco, vous arrivez, vous vous installez et vous vous sentez imm\u00e9diatement pr\u00eat \u00e0 partir explorer Bergame en toute s\u00e9r\u00e9nit\u00e9.<\/p>\t\t\t\t\t\t\t\t<\/div>\n\t\t\t\t<\/div>\n\t\t\t\t\t<\/div>\n\t\t\t\t<\/div>\n\t\t<div class=\"elementor-element elementor-element-8fd06ca elementor-hidden-mobile e-flex e-con-boxed e-con e-parent\" data-id=\"8fd06ca\" data-element_type=\"container\" data-e-type=\"container\">\n\t\t\t\t\t<div class=\"e-con-inner\">\n\t\t<div class=\"elementor-element elementor-element-81bab7c e-con-full e-flex e-con e-child\" data-id=\"81bab7c\" data-element_type=\"container\" data-e-type=\"container\">\n\t\t\t\t<div class=\"elementor-element elementor-element-c4eb9e1 elementor-widget elementor-widget-text-editor\" data-id=\"c4eb9e1\" data-element_type=\"widget\" data-e-type=\"widget\" data-widget_type=\"text-editor.default\">\n\t\t\t\t\t\t\t\t\t<p><strong>CHAMBRES ET SUITES<\/strong><\/p>\t\t\t\t\t\t\t\t<\/div>\n\t\t\t\t<\/div>\n\t\t<div class=\"elementor-element elementor-element-7cccdee e-con-full e-flex e-con e-child\" data-id=\"7cccdee\" data-element_type=\"container\" data-e-type=\"container\">\n\t\t\t\t<div class=\"elementor-element elementor-element-b59f509 elementor-widget elementor-widget-text-editor\" data-id=\"b59f509\" data-element_type=\"widget\" data-e-type=\"widget\" data-widget_type=\"text-editor.default\">\n\t\t\t\t\t\t\t\t\t<p>Chaque d\u00e9tail de la propri\u00e9t\u00e9 est pens\u00e9 pour vous offrir un s\u00e9jour paisible, rapide et fonctionnel, sans rien sacrifier \u00e0 une atmosph\u00e8re agr\u00e9able et chaleureuse.<br>\u00c0 la Maison al Parco, vous arrivez, vous vous installez et vous vous sentez imm\u00e9diatement pr\u00eat \u00e0 partir explorer Bergame en toute s\u00e9r\u00e9nit\u00e9.<\/p>\t\t\t\t\t\t\t\t<\/div>\n\t\t\t\t<\/div>\n\t\t\t\t\t<\/div>\n\t\t\t\t<\/div>\n\t\t<div class=\"elementor-element elementor-element-059667c e-flex e-con-boxed elementor-invisible e-con e-parent\" data-id=\"059667c\" data-element_type=\"container\" data-e-type=\"container\" data-settings=\"{&quot;animation&quot;:&quot;fadeInLeft&quot;}\">\n\t\t\t\t\t<div class=\"e-con-inner\">\n\t\t<div class=\"elementor-element elementor-element-47a5fec e-con-full e-flex e-con e-child\" data-id=\"47a5fec\" data-element_type=\"container\" data-e-type=\"container\">\n\t\t\t\t<div class=\"elementor-element elementor-element-4979c41 elementor-widget elementor-widget-image\" data-id=\"4979c41\" data-element_type=\"widget\" data-e-type=\"widget\" data-widget_type=\"image.default\">\n\t\t\t\t\t\t\t\t\t\t\t\t\t\t\t\t<a href=\"https:\/\/maisonalparco.it\/fr\/chambre-double-avec-vue-sur-le-parc\/\">\n\t\t\t\t\t\t\t<img alt=\"\" fetchpriority=\"high\" decoding=\"async\" width=\"800\" height=\"534\" src=\"https:\/\/maisonalparco.it\/wp-content\/uploads\/2026\/01\/camera2-1024x684.jpg\" class=\"attachment-large size-large wp-image-495\" alt=\"\" srcset=\"https:\/\/maisonalparco.it\/wp-content\/uploads\/2026\/01\/camera2-1024x684.jpg 1024w, https:\/\/maisonalparco.it\/wp-content\/uploads\/2026\/01\/camera2-300x200.jpg 300w, https:\/\/maisonalparco.it\/wp-content\/uploads\/2026\/01\/camera2-768x513.jpg 768w, https:\/\/maisonalparco.it\/wp-content\/uploads\/2026\/01\/camera2-1536x1025.jpg 1536w, https:\/\/maisonalparco.it\/wp-content\/uploads\/2026\/01\/camera2-2048x1367.jpg 2048w\" sizes=\"(max-width: 800px) 100vw, 800px\" \/>\t\t\t\t\t\t\t\t<\/a>\n\t\t\t\t\t\t\t\t\t\t\t\t\t\t\t<\/div>\n\t\t\t\t<div class=\"elementor-element elementor-element-3e035e6 elementor-widget elementor-widget-text-editor\" data-id=\"3e035e6\" data-element_type=\"widget\" data-e-type=\"widget\" data-widget_type=\"text-editor.default\">\n\t\t\t\t\t\t\t\t\t<p><span style=\"text-decoration: none;\"><a href=\"https:\/\/maisonalparco.it\/fr\/chambre-double-avec-vue-sur-le-parc\/\" data-wplink-edit=\"true\"><span style=\"color: #af8563;\">CHAMBRE DOUBLE AVEC VUE SUR LE PARC<\/span><\/a><\/span><\/p>\t\t\t\t\t\t\t\t<\/div>\n\t\t\t\t<\/div>\n\t\t<div class=\"elementor-element elementor-element-24b364a e-con-full e-flex e-con e-child\" data-id=\"24b364a\" data-element_type=\"container\" data-e-type=\"container\">\n\t\t\t\t<div class=\"elementor-element elementor-element-2d4b986 elementor-widget elementor-widget-image\" data-id=\"2d4b986\" data-element_type=\"widget\" data-e-type=\"widget\" data-widget_type=\"image.default\">\n\t\t\t\t\t\t\t\t\t\t\t\t\t\t\t\t<a href=\"https:\/\/maisonalparco.it\/fr\/chambre-double-avec-balcon\/\">\n\t\t\t\t\t\t\t<img alt=\"\" decoding=\"async\" width=\"800\" height=\"534\" src=\"https:\/\/maisonalparco.it\/wp-content\/uploads\/2026\/01\/DSC0222-1024x684.jpg\" class=\"attachment-large size-large wp-image-496\" alt=\"\" srcset=\"https:\/\/maisonalparco.it\/wp-content\/uploads\/2026\/01\/DSC0222-1024x684.jpg 1024w, https:\/\/maisonalparco.it\/wp-content\/uploads\/2026\/01\/DSC0222-300x200.jpg 300w, https:\/\/maisonalparco.it\/wp-content\/uploads\/2026\/01\/DSC0222-768x513.jpg 768w, https:\/\/maisonalparco.it\/wp-content\/uploads\/2026\/01\/DSC0222-1536x1025.jpg 1536w, https:\/\/maisonalparco.it\/wp-content\/uploads\/2026\/01\/DSC0222-2048x1367.jpg 2048w\" sizes=\"(max-width: 800px) 100vw, 800px\" \/>\t\t\t\t\t\t\t\t<\/a>\n\t\t\t\t\t\t\t\t\t\t\t\t\t\t\t<\/div>\n\t\t\t\t<div class=\"elementor-element elementor-element-34a56e7 elementor-widget elementor-widget-text-editor\" data-id=\"34a56e7\" data-element_type=\"widget\" data-e-type=\"widget\" data-widget_type=\"text-editor.default\">\n\t\t\t\t\t\t\t\t\t<p><span style=\"text-decoration: none;\"><a href=\"https:\/\/maisonalparco.it\/fr\/chambre-double-avec-balcon\/\" data-wplink-edit=\"true\"><span style=\"color: #af8563;\">CHAMBRE DOUBLE AVEC BALCON<\/span><\/a><\/span><\/p>\t\t\t\t\t\t\t\t<\/div>\n\t\t\t\t<\/div>\n\t\t\t\t\t<\/div>\n\t\t\t\t<\/div>\n\t\t<div class=\"elementor-element elementor-element-97bece2 e-flex e-con-boxed elementor-invisible e-con e-parent\" data-id=\"97bece2\" data-element_type=\"container\" data-e-type=\"container\" data-settings=\"{&quot;animation&quot;:&quot;fadeInRight&quot;}\">\n\t\t\t\t\t<div class=\"e-con-inner\">\n\t\t<div class=\"elementor-element elementor-element-c0f323c e-con-full e-flex e-con e-child\" data-id=\"c0f323c\" data-element_type=\"container\" data-e-type=\"container\">\n\t\t\t\t<div class=\"elementor-element elementor-element-86b321a elementor-widget elementor-widget-image\" data-id=\"86b321a\" data-element_type=\"widget\" data-e-type=\"widget\" data-widget_type=\"image.default\">\n\t\t\t\t\t\t\t\t\t\t\t\t\t\t\t\t<a href=\"https:\/\/maisonalparco.it\/fr\/vue-sur-le-triple-parc\/\">\n\t\t\t\t\t\t\t<img alt=\"\" decoding=\"async\" width=\"800\" height=\"534\" src=\"https:\/\/maisonalparco.it\/wp-content\/uploads\/2026\/01\/DSC0141-1024x684.jpg\" class=\"attachment-large size-large wp-image-497\" alt=\"\" srcset=\"https:\/\/maisonalparco.it\/wp-content\/uploads\/2026\/01\/DSC0141-1024x684.jpg 1024w, https:\/\/maisonalparco.it\/wp-content\/uploads\/2026\/01\/DSC0141-300x200.jpg 300w, https:\/\/maisonalparco.it\/wp-content\/uploads\/2026\/01\/DSC0141-768x513.jpg 768w, https:\/\/maisonalparco.it\/wp-content\/uploads\/2026\/01\/DSC0141-1536x1025.jpg 1536w, https:\/\/maisonalparco.it\/wp-content\/uploads\/2026\/01\/DSC0141-2048x1367.jpg 2048w\" sizes=\"(max-width: 800px) 100vw, 800px\" \/>\t\t\t\t\t\t\t\t<\/a>\n\t\t\t\t\t\t\t\t\t\t\t\t\t\t\t<\/div>\n\t\t\t\t<div class=\"elementor-element elementor-element-3f6492f elementor-widget elementor-widget-text-editor\" data-id=\"3f6492f\" data-element_type=\"widget\" data-e-type=\"widget\" data-widget_type=\"text-editor.default\">\n\t\t\t\t\t\t\t\t\t<p><span style=\"text-decoration: none;\"><a href=\"https:\/\/maisonalparco.it\/fr\/vue-sur-le-triple-parc\/\" data-wplink-edit=\"true\"><span style=\"color: #af8563;\">VUE SUR LE TRIPLE PARC<\/span><\/a><\/span><\/p>\t\t\t\t\t\t\t\t<\/div>\n\t\t\t\t<\/div>\n\t\t<div class=\"elementor-element elementor-element-dab684c e-con-full e-flex e-con e-child\" data-id=\"dab684c\" data-element_type=\"container\" data-e-type=\"container\">\n\t\t\t\t<div class=\"elementor-element elementor-element-cc11965 elementor-widget elementor-widget-image\" data-id=\"cc11965\" data-element_type=\"widget\" data-e-type=\"widget\" data-widget_type=\"image.default\">\n\t\t\t\t\t\t\t\t\t\t\t\t\t\t\t\t<a href=\"https:\/\/maisonalparco.it\/fr\/quadruple-avec-balcon\/\">\n\t\t\t\t\t\t\t<img alt=\"\" loading=\"lazy\" decoding=\"async\" width=\"800\" height=\"534\" src=\"https:\/\/maisonalparco.it\/wp-content\/uploads\/2026\/01\/DSC0102-1024x684.jpg\" class=\"attachment-large size-large wp-image-498\" alt=\"\" srcset=\"https:\/\/maisonalparco.it\/wp-content\/uploads\/2026\/01\/DSC0102-1024x684.jpg 1024w, https:\/\/maisonalparco.it\/wp-content\/uploads\/2026\/01\/DSC0102-300x200.jpg 300w, https:\/\/maisonalparco.it\/wp-content\/uploads\/2026\/01\/DSC0102-768x513.jpg 768w, https:\/\/maisonalparco.it\/wp-content\/uploads\/2026\/01\/DSC0102-1536x1025.jpg 1536w, https:\/\/maisonalparco.it\/wp-content\/uploads\/2026\/01\/DSC0102-2048x1367.jpg 2048w\" sizes=\"(max-width: 800px) 100vw, 800px\" \/>\t\t\t\t\t\t\t\t<\/a>\n\t\t\t\t\t\t\t\t\t\t\t\t\t\t\t<\/div>\n\t\t\t\t<div class=\"elementor-element elementor-element-d5298f8 elementor-widget elementor-widget-text-editor\" data-id=\"d5298f8\" data-element_type=\"widget\" data-e-type=\"widget\" data-widget_type=\"text-editor.default\">\n\t\t\t\t\t\t\t\t\t<p><span style=\"text-decoration: none;\"><a href=\"https:\/\/maisonalparco.it\/fr\/quadruple-avec-balcon\/\" data-wplink-edit=\"true\"><span style=\"color: #af8563;\">JUNIOR SUITE<\/span><\/a><\/span><\/p>\t\t\t\t\t\t\t\t<\/div>\n\t\t\t\t<\/div>\n\t\t\t\t\t<\/div>\n\t\t\t\t<\/div>\n\t\t<div class=\"elementor-element elementor-element-90db2b2 e-con-full elementor-hidden-desktop elementor-hidden-tablet e-flex e-con e-parent\" data-id=\"90db2b2\" data-element_type=\"container\" data-e-type=\"container\">\n\t\t\t\t<div class=\"elementor-element elementor-element-ba8773c elementor--h-position-center elementor--v-position-middle elementor-widget elementor-widget-slides\" data-id=\"ba8773c\" data-element_type=\"widget\" data-e-type=\"widget\" data-settings=\"{&quot;navigation&quot;:&quot;none&quot;,&quot;autoplay&quot;:&quot;yes&quot;,&quot;pause_on_hover&quot;:&quot;yes&quot;,&quot;pause_on_interaction&quot;:&quot;yes&quot;,&quot;autoplay_speed&quot;:5000,&quot;infinite&quot;:&quot;yes&quot;,&quot;transition&quot;:&quot;slide&quot;,&quot;transition_speed&quot;:500}\" data-widget_type=\"slides.default\">\n\t\t\t\t\t\t\t\t\t\t<div class=\"elementor-slides-wrapper elementor-main-swiper swiper\" role=\"region\" aria-roledescription=\"carousel\" aria-label=\"Slides\" dir=\"ltr\" data-animation=\"fadeInUp\">\n\t\t\t\t<div class=\"swiper-wrapper elementor-slides\">\n\t\t\t\t\t\t\t\t\t\t<div class=\"elementor-repeater-item-dc7d551 swiper-slide\" role=\"group\" aria-roledescription=\"slide\"><div class=\"swiper-slide-bg\" role=\"img\" aria-label=\"_DSC0362\"><\/div><div class=\"swiper-slide-inner\" ><div class=\"swiper-slide-contents\"><\/div><\/div><\/div>\t\t\t\t<\/div>\n\t\t\t\t\t\t\t<\/div>\n\t\t\t\t\t\t\t\t<\/div>\n\t\t\t\t<\/div>\n\t\t<div class=\"elementor-element elementor-element-ac15ec8 e-con-full elementor-hidden-mobile e-flex e-con e-parent\" data-id=\"ac15ec8\" data-element_type=\"container\" data-e-type=\"container\">\n\t\t\t\t<div class=\"elementor-element elementor-element-a9b9829 elementor--h-position-center elementor--v-position-middle elementor-widget elementor-widget-slides\" data-id=\"a9b9829\" data-element_type=\"widget\" data-e-type=\"widget\" data-settings=\"{&quot;navigation&quot;:&quot;none&quot;,&quot;autoplay&quot;:&quot;yes&quot;,&quot;pause_on_hover&quot;:&quot;yes&quot;,&quot;pause_on_interaction&quot;:&quot;yes&quot;,&quot;autoplay_speed&quot;:5000,&quot;infinite&quot;:&quot;yes&quot;,&quot;transition&quot;:&quot;slide&quot;,&quot;transition_speed&quot;:500}\" data-widget_type=\"slides.default\">\n\t\t\t\t\t\t\t\t\t\t<div class=\"elementor-slides-wrapper elementor-main-swiper swiper\" role=\"region\" aria-roledescription=\"carousel\" aria-label=\"WhatsApp-Image-2025-01-22-at-14.29.42 (1)\"0 dir=\"ltr\" data-animation=\"fadeInUp\">\n\t\t\t\t<div class=\"swiper-wrapper elementor-slides\">\n\t\t\t\t\t\t\t\t\t\t<div class=\"elementor-repeater-item-dc7d551 swiper-slide\" role=\"group\" aria-roledescription=\"slide\"><div class=\"swiper-slide-bg\" role=\"img\" aria-label=\"WhatsApp-Image-2025-01-22-at-14.29.42 (1)\"1><\/div><div class=\"swiper-slide-inner\" ><div class=\"swiper-slide-contents\"><\/div><\/div><\/div>\t\t\t\t<\/div>\n\t\t\t\t\t\t\t<\/div>\n\t\t\t\t\t\t\t\t<\/div>\n\t\t\t\t<\/div>\n\t\t\t\t<\/div>\n\t\t","protected":false},"excerpt":{"rendered":"<p>Maison al Parco est le choix id\u00e9al pour ceux qui recherchent un h\u00e9bergement fonctionnel, moderne et confortable \u00e0 quelques minutes seulement de l&rsquo;a\u00e9roport de Bergame. Con\u00e7u pour r\u00e9pondre aux besoins des voyageurs, il offre intimit\u00e9, commodit\u00e9 et services cibl\u00e9s pour rendre chaque s\u00e9jour simple, s\u00fbr et sans stress. Que vous planifiez un court s\u00e9jour en [&hellip;]<\/p>\n","protected":false},"author":1,"featured_media":0,"parent":0,"menu_order":0,"comment_status":"closed","ping_status":"closed","template":"","meta":{"_seopress_robots_primary_cat":"","_seopress_titles_title":"","_seopress_titles_desc":"","_seopress_robots_index":"","footnotes":""},"class_list":["post-572","page","type-page","status-publish","hentry"],"_links":{"self":[{"href":"https:\/\/maisonalparco.it\/fr\/wp-json\/wp\/v2\/pages\/572","targetHints":{"allow":["GET"]}}],"collection":[{"href":"https:\/\/maisonalparco.it\/fr\/wp-json\/wp\/v2\/pages"}],"about":[{"href":"https:\/\/maisonalparco.it\/fr\/wp-json\/wp\/v2\/types\/page"}],"author":[{"embeddable":true,"href":"https:\/\/maisonalparco.it\/fr\/wp-json\/wp\/v2\/users\/1"}],"replies":[{"embeddable":true,"href":"https:\/\/maisonalparco.it\/fr\/wp-json\/wp\/v2\/comments?post=572"}],"version-history":[{"count":0,"href":"https:\/\/maisonalparco.it\/fr\/wp-json\/wp\/v2\/pages\/572\/revisions"}],"wp:attachment":[{"href":"https:\/\/maisonalparco.it\/fr\/wp-json\/wp\/v2\/media?parent=572"}],"curies":[{"name":"wp","href":"https:\/\/api.w.org\/{rel}","templated":true}]}}