{"id":518,"date":"2026-01-12T16:57:59","date_gmt":"2026-01-12T16:57:59","guid":{"rendered":"https:\/\/maisonalparco.it\/services-offerts\/"},"modified":"2026-01-27T17:49:48","modified_gmt":"2026-01-27T17:49:48","slug":"services-offerts","status":"publish","type":"page","link":"https:\/\/maisonalparco.it\/fr\/services-offerts\/","title":{"rendered":"SERVICES OFFERTS"},"content":{"rendered":"\t\t<div data-elementor-type=\"wp-page\" data-elementor-id=\"518\" class=\"elementor elementor-518 elementor-146\" data-elementor-post-type=\"page\">\n\t\t\t\t<div class=\"elementor-element elementor-element-9f4e94d e-flex e-con-boxed e-con e-parent\" data-id=\"9f4e94d\" data-element_type=\"container\" data-e-type=\"container\">\n\t\t\t\t\t<div class=\"e-con-inner\">\n\t\t<div class=\"elementor-element elementor-element-a72c999 e-con-full e-flex e-con e-child\" data-id=\"a72c999\" data-element_type=\"container\" data-e-type=\"container\">\n\t\t\t\t<div class=\"elementor-element elementor-element-b8a8970 elementor-widget elementor-widget-text-editor\" data-id=\"b8a8970\" data-element_type=\"widget\" data-e-type=\"widget\" data-widget_type=\"text-editor.default\">\n\t\t\t\t\t\t\t\t\t<p><strong>SERVICES OFFERTS<\/strong><\/p>\t\t\t\t\t\t\t\t<\/div>\n\t\t\t\t<\/div>\n\t\t<div class=\"elementor-element elementor-element-a215517 e-con-full e-flex e-con e-child\" data-id=\"a215517\" data-element_type=\"container\" data-e-type=\"container\">\n\t\t\t\t<div class=\"elementor-element elementor-element-3ee1344 elementor-widget elementor-widget-text-editor\" data-id=\"3ee1344\" data-element_type=\"widget\" data-e-type=\"widget\" data-widget_type=\"text-editor.default\">\n\t\t\t\t\t\t\t\t\t<p>PARKING GRATUIT DEVANT LA MAISON<br>JARDIN EXT\u00c9RIEUR<br>CLIMATISATION<br>COIN TH\u00c9 ET CAF\u00c9<\/p>\t\t\t\t\t\t\t\t<\/div>\n\t\t\t\t<\/div>\n\t\t\t\t\t<\/div>\n\t\t\t\t<\/div>\n\t\t\t\t<\/div>\n\t\t","protected":false},"excerpt":{"rendered":"<p>SERVICES OFFERTS PARKING GRATUIT DEVANT LA MAISONJARDIN EXT\u00c9RIEURCLIMATISATIONCOIN TH\u00c9 ET CAF\u00c9<\/p>\n","protected":false},"author":1,"featured_media":0,"parent":0,"menu_order":0,"comment_status":"closed","ping_status":"closed","template":"","meta":{"_seopress_robots_primary_cat":"","_seopress_titles_title":"","_seopress_titles_desc":"","_seopress_robots_index":"","footnotes":""},"class_list":["post-518","page","type-page","status-publish","hentry"],"_links":{"self":[{"href":"https:\/\/maisonalparco.it\/fr\/wp-json\/wp\/v2\/pages\/518","targetHints":{"allow":["GET"]}}],"collection":[{"href":"https:\/\/maisonalparco.it\/fr\/wp-json\/wp\/v2\/pages"}],"about":[{"href":"https:\/\/maisonalparco.it\/fr\/wp-json\/wp\/v2\/types\/page"}],"author":[{"embeddable":true,"href":"https:\/\/maisonalparco.it\/fr\/wp-json\/wp\/v2\/users\/1"}],"replies":[{"embeddable":true,"href":"https:\/\/maisonalparco.it\/fr\/wp-json\/wp\/v2\/comments?post=518"}],"version-history":[{"count":0,"href":"https:\/\/maisonalparco.it\/fr\/wp-json\/wp\/v2\/pages\/518\/revisions"}],"wp:attachment":[{"href":"https:\/\/maisonalparco.it\/fr\/wp-json\/wp\/v2\/media?parent=518"}],"curies":[{"name":"wp","href":"https:\/\/api.w.org\/{rel}","templated":true}]}}