{"id":494,"date":"2026-01-12T17:16:42","date_gmt":"2026-01-12T17:16:42","guid":{"rendered":"https:\/\/maisonalparco.it\/chambres\/"},"modified":"2026-03-22T06:22:56","modified_gmt":"2026-03-22T06:22:56","slug":"chambres","status":"publish","type":"page","link":"https:\/\/maisonalparco.it\/fr\/chambres\/","title":{"rendered":"Chambres"},"content":{"rendered":"\t\t<div data-elementor-type=\"wp-page\" data-elementor-id=\"494\" class=\"elementor elementor-494 elementor-169\" data-elementor-post-type=\"page\">\n\t\t\t\t<div class=\"elementor-element elementor-element-3be6959 elementor-hidden-desktop elementor-hidden-tablet e-flex e-con-boxed e-con e-parent\" data-id=\"3be6959\" data-element_type=\"container\" data-e-type=\"container\">\n\t\t\t\t\t<div class=\"e-con-inner\">\n\t\t\t\t<div class=\"elementor-element elementor-element-d754ac5 elementor-widget__width-auto elementor-align-center elementor-widget elementor-widget-button\" data-id=\"d754ac5\" data-element_type=\"widget\" data-e-type=\"widget\" data-widget_type=\"button.default\">\n\t\t\t\t\t\t\t\t\t\t<a class=\"elementor-button elementor-button-link elementor-size-sm\" href=\"https:\/\/wubook.net\/nneb\/bk?f=today&#038;n=1&#038;ep=b224cf2a&#038;o=1.0.0.0\" target=\"_blank\">\n\t\t\t\t\t\t<span class=\"elementor-button-content-wrapper\">\n\t\t\t\t\t\t\t\t\t<span class=\"elementor-button-text\">VOIR LES DISPONIBILIT\u00c9S<\/span>\n\t\t\t\t\t<\/span>\n\t\t\t\t\t<\/a>\n\t\t\t\t\t\t\t\t<\/div>\n\t\t\t\t\t<\/div>\n\t\t\t\t<\/div>\n\t\t<div class=\"elementor-element elementor-element-01f04ec elementor-hidden-desktop elementor-hidden-tablet e-flex e-con-boxed e-con e-parent\" data-id=\"01f04ec\" data-element_type=\"container\" data-e-type=\"container\">\n\t\t\t\t\t<div class=\"e-con-inner\">\n\t\t<div class=\"elementor-element elementor-element-09634e6 e-con-full e-flex e-con e-child\" data-id=\"09634e6\" data-element_type=\"container\" data-e-type=\"container\">\n\t\t\t\t<div class=\"elementor-element elementor-element-e69b803 elementor-widget elementor-widget-text-editor\" data-id=\"e69b803\" data-element_type=\"widget\" data-e-type=\"widget\" data-widget_type=\"text-editor.default\">\n\t\t\t\t\t\t\t\t\t<p><strong>CHAMBRES ET SUITES<\/strong><\/p>\t\t\t\t\t\t\t\t<\/div>\n\t\t\t\t<\/div>\n\t\t<div class=\"elementor-element elementor-element-914ff57 e-con-full e-flex e-con e-child\" data-id=\"914ff57\" data-element_type=\"container\" data-e-type=\"container\">\n\t\t\t\t<div class=\"elementor-element elementor-element-35be16d elementor-widget elementor-widget-text-editor\" data-id=\"35be16d\" data-element_type=\"widget\" data-e-type=\"widget\" data-widget_type=\"text-editor.default\">\n\t\t\t\t\t\t\t\t\t<p>Chaque d\u00e9tail de la structure est con\u00e7u pour vous offrir un s\u00e9jour paisible, rapide et fonctionnel, sans sacrifier une atmosph\u00e8re agr\u00e9able et accueillante.<\/p>\t\t\t\t\t\t\t\t<\/div>\n\t\t\t\t<\/div>\n\t\t\t\t\t<\/div>\n\t\t\t\t<\/div>\n\t\t<div class=\"elementor-element elementor-element-f0633a2 elementor-hidden-mobile e-flex e-con-boxed e-con e-parent\" data-id=\"f0633a2\" data-element_type=\"container\" data-e-type=\"container\">\n\t\t\t\t\t<div class=\"e-con-inner\">\n\t\t\t\t<div class=\"elementor-element elementor-element-d36ea84 elementor-widget__width-auto elementor-align-center elementor-widget elementor-widget-button\" data-id=\"d36ea84\" data-element_type=\"widget\" data-e-type=\"widget\" data-widget_type=\"button.default\">\n\t\t\t\t\t\t\t\t\t\t<a class=\"elementor-button elementor-button-link elementor-size-sm\" href=\"https:\/\/wubook.net\/nneb\/bk?f=today&#038;n=1&#038;ep=b224cf2a&#038;o=1.0.0.0\" target=\"_blank\">\n\t\t\t\t\t\t<span class=\"elementor-button-content-wrapper\">\n\t\t\t\t\t\t\t\t\t<span class=\"elementor-button-text\">VOIR LES DISPONIBILIT\u00c9S<\/span>\n\t\t\t\t\t<\/span>\n\t\t\t\t\t<\/a>\n\t\t\t\t\t\t\t\t<\/div>\n\t\t\t\t\t<\/div>\n\t\t\t\t<\/div>\n\t\t<div class=\"elementor-element elementor-element-30a183f elementor-hidden-mobile e-flex e-con-boxed e-con e-parent\" data-id=\"30a183f\" data-element_type=\"container\" data-e-type=\"container\">\n\t\t\t\t\t<div class=\"e-con-inner\">\n\t\t<div class=\"elementor-element elementor-element-8b51d94 e-con-full e-flex e-con e-child\" data-id=\"8b51d94\" data-element_type=\"container\" data-e-type=\"container\">\n\t\t\t\t<div class=\"elementor-element elementor-element-baf6660 elementor-widget elementor-widget-text-editor\" data-id=\"baf6660\" data-element_type=\"widget\" data-e-type=\"widget\" data-widget_type=\"text-editor.default\">\n\t\t\t\t\t\t\t\t\t<p><strong>CHAMBRES ET SUITES<\/strong><\/p>\t\t\t\t\t\t\t\t<\/div>\n\t\t\t\t<\/div>\n\t\t<div class=\"elementor-element elementor-element-649406a e-con-full e-flex e-con e-child\" data-id=\"649406a\" data-element_type=\"container\" data-e-type=\"container\">\n\t\t\t\t<div class=\"elementor-element elementor-element-47abaf3 elementor-widget elementor-widget-text-editor\" data-id=\"47abaf3\" data-element_type=\"widget\" data-e-type=\"widget\" data-widget_type=\"text-editor.default\">\n\t\t\t\t\t\t\t\t\t<p>Chaque d\u00e9tail de la structure est con\u00e7u pour vous offrir un s\u00e9jour paisible, rapide et fonctionnel, sans sacrifier une atmosph\u00e8re agr\u00e9able et accueillante.<\/p>\t\t\t\t\t\t\t\t<\/div>\n\t\t\t\t<\/div>\n\t\t\t\t\t<\/div>\n\t\t\t\t<\/div>\n\t\t<div class=\"elementor-element elementor-element-5e076e9 e-con-full elementor-hidden-desktop elementor-hidden-tablet e-flex elementor-invisible e-con e-parent\" data-id=\"5e076e9\" data-element_type=\"container\" data-e-type=\"container\" data-settings=\"{&quot;animation&quot;:&quot;fadeInLeft&quot;}\">\n\t\t<div class=\"elementor-element elementor-element-b2ddd4a e-con-full e-flex e-con e-child\" data-id=\"b2ddd4a\" data-element_type=\"container\" data-e-type=\"container\">\n\t\t\t\t<div class=\"elementor-element elementor-element-aef8019 elementor-widget elementor-widget-image\" data-id=\"aef8019\" data-element_type=\"widget\" data-e-type=\"widget\" data-widget_type=\"image.default\">\n\t\t\t\t\t\t\t\t\t\t\t\t\t\t\t\t<a href=\"https:\/\/maisonalparco.it\/fr\/chambre-double-avec-vue-sur-le-parc\/\">\n\t\t\t\t\t\t\t<img alt=\"\" fetchpriority=\"high\" decoding=\"async\" width=\"2560\" height=\"1709\" src=\"https:\/\/maisonalparco.it\/wp-content\/uploads\/2026\/01\/camera2-scaled.jpg\" class=\"attachment-full size-full wp-image-495\" alt=\"\" srcset=\"https:\/\/maisonalparco.it\/wp-content\/uploads\/2026\/01\/camera2-scaled.jpg 2560w, https:\/\/maisonalparco.it\/wp-content\/uploads\/2026\/01\/camera2-300x200.jpg 300w, https:\/\/maisonalparco.it\/wp-content\/uploads\/2026\/01\/camera2-1024x684.jpg 1024w, https:\/\/maisonalparco.it\/wp-content\/uploads\/2026\/01\/camera2-768x513.jpg 768w, https:\/\/maisonalparco.it\/wp-content\/uploads\/2026\/01\/camera2-1536x1025.jpg 1536w, https:\/\/maisonalparco.it\/wp-content\/uploads\/2026\/01\/camera2-2048x1367.jpg 2048w\" sizes=\"(max-width: 2560px) 100vw, 2560px\" \/>\t\t\t\t\t\t\t\t<\/a>\n\t\t\t\t\t\t\t\t\t\t\t\t\t\t\t<\/div>\n\t\t\t\t<\/div>\n\t\t<div class=\"elementor-element elementor-element-3ce13b7 e-con-full e-flex e-con e-child\" data-id=\"3ce13b7\" data-element_type=\"container\" data-e-type=\"container\">\n\t\t\t\t<div class=\"elementor-element elementor-element-1b8b0d1 elementor-widget elementor-widget-text-editor\" data-id=\"1b8b0d1\" data-element_type=\"widget\" data-e-type=\"widget\" data-widget_type=\"text-editor.default\">\n\t\t\t\t\t\t\t\t\t<p><span style=\"text-decoration: none;\"><a href=\"https:\/\/maisonalparco.it\/fr\/chambre-double-avec-vue-sur-le-parc\/\" data-wplink-edit=\"true\"><span style=\"color: #af8563;\">CHAMBRE DOUBLE AVEC VUE SUR LE PARC<\/span><\/a><\/span><\/p>\t\t\t\t\t\t\t\t<\/div>\n\t\t\t\t<\/div>\n\t\t\t\t<\/div>\n\t\t<div class=\"elementor-element elementor-element-21f7544 e-con-full elementor-hidden-mobile e-flex elementor-invisible e-con e-parent\" data-id=\"21f7544\" data-element_type=\"container\" data-e-type=\"container\" data-settings=\"{&quot;animation&quot;:&quot;fadeInLeft&quot;}\">\n\t\t<div class=\"elementor-element elementor-element-0b9c4a7 e-con-full e-flex e-con e-child\" data-id=\"0b9c4a7\" data-element_type=\"container\" data-e-type=\"container\">\n\t\t\t\t<div class=\"elementor-element elementor-element-fe8e49a elementor-widget elementor-widget-image\" data-id=\"fe8e49a\" data-element_type=\"widget\" data-e-type=\"widget\" data-widget_type=\"image.default\">\n\t\t\t\t\t\t\t\t\t\t\t\t\t\t\t\t<a href=\"https:\/\/maisonalparco.it\/fr\/chambre-double-avec-vue-sur-le-parc\/\">\n\t\t\t\t\t\t\t<img alt=\"\" fetchpriority=\"high\" decoding=\"async\" width=\"2560\" height=\"1709\" src=\"https:\/\/maisonalparco.it\/wp-content\/uploads\/2026\/01\/camera2-scaled.jpg\" class=\"attachment-full size-full wp-image-495\" alt=\"\" srcset=\"https:\/\/maisonalparco.it\/wp-content\/uploads\/2026\/01\/camera2-scaled.jpg 2560w, https:\/\/maisonalparco.it\/wp-content\/uploads\/2026\/01\/camera2-300x200.jpg 300w, https:\/\/maisonalparco.it\/wp-content\/uploads\/2026\/01\/camera2-1024x684.jpg 1024w, https:\/\/maisonalparco.it\/wp-content\/uploads\/2026\/01\/camera2-768x513.jpg 768w, https:\/\/maisonalparco.it\/wp-content\/uploads\/2026\/01\/camera2-1536x1025.jpg 1536w, https:\/\/maisonalparco.it\/wp-content\/uploads\/2026\/01\/camera2-2048x1367.jpg 2048w\" sizes=\"(max-width: 2560px) 100vw, 2560px\" \/>\t\t\t\t\t\t\t\t<\/a>\n\t\t\t\t\t\t\t\t\t\t\t\t\t\t\t<\/div>\n\t\t\t\t<\/div>\n\t\t<div class=\"elementor-element elementor-element-acbd3eb e-con-full e-flex e-con e-child\" data-id=\"acbd3eb\" data-element_type=\"container\" data-e-type=\"container\">\n\t\t\t\t<div class=\"elementor-element elementor-element-313ef5a elementor-widget elementor-widget-text-editor\" data-id=\"313ef5a\" data-element_type=\"widget\" data-e-type=\"widget\" data-widget_type=\"text-editor.default\">\n\t\t\t\t\t\t\t\t\t<p><span style=\"text-decoration: none;\"><a href=\"https:\/\/maisonalparco.it\/fr\/chambre-double-avec-vue-sur-le-parc\/\" data-wplink-edit=\"true\"><span style=\"color: #af8563;\">CHAMBRE DOUBLE AVEC VUE SUR LE PARC<\/span><\/a><\/span><\/p>\t\t\t\t\t\t\t\t<\/div>\n\t\t\t\t<\/div>\n\t\t\t\t<\/div>\n\t\t<div class=\"elementor-element elementor-element-943ce82 e-con-full elementor-hidden-desktop elementor-hidden-tablet e-flex elementor-invisible e-con e-parent\" data-id=\"943ce82\" data-element_type=\"container\" data-e-type=\"container\" data-settings=\"{&quot;animation&quot;:&quot;fadeInRight&quot;}\">\n\t\t<div class=\"elementor-element elementor-element-1d115a9 e-con-full e-flex e-con e-child\" data-id=\"1d115a9\" data-element_type=\"container\" data-e-type=\"container\">\n\t\t\t\t<div class=\"elementor-element elementor-element-2549252 elementor-widget elementor-widget-image\" data-id=\"2549252\" data-element_type=\"widget\" data-e-type=\"widget\" data-widget_type=\"image.default\">\n\t\t\t\t\t\t\t\t\t\t\t\t\t\t\t\t<a href=\"https:\/\/maisonalparco.it\/fr\/chambre-double-avec-balcon\/\">\n\t\t\t\t\t\t\t<img alt=\"\" decoding=\"async\" width=\"2560\" height=\"1709\" src=\"https:\/\/maisonalparco.it\/wp-content\/uploads\/2026\/01\/DSC0222-scaled.jpg\" class=\"attachment-full size-full wp-image-496\" alt=\"\" srcset=\"https:\/\/maisonalparco.it\/wp-content\/uploads\/2026\/01\/DSC0222-scaled.jpg 2560w, https:\/\/maisonalparco.it\/wp-content\/uploads\/2026\/01\/DSC0222-300x200.jpg 300w, https:\/\/maisonalparco.it\/wp-content\/uploads\/2026\/01\/DSC0222-1024x684.jpg 1024w, https:\/\/maisonalparco.it\/wp-content\/uploads\/2026\/01\/DSC0222-768x513.jpg 768w, https:\/\/maisonalparco.it\/wp-content\/uploads\/2026\/01\/DSC0222-1536x1025.jpg 1536w, https:\/\/maisonalparco.it\/wp-content\/uploads\/2026\/01\/DSC0222-2048x1367.jpg 2048w\" sizes=\"(max-width: 2560px) 100vw, 2560px\" \/>\t\t\t\t\t\t\t\t<\/a>\n\t\t\t\t\t\t\t\t\t\t\t\t\t\t\t<\/div>\n\t\t\t\t<\/div>\n\t\t<div class=\"elementor-element elementor-element-78a2613 e-con-full e-flex e-con e-child\" data-id=\"78a2613\" data-element_type=\"container\" data-e-type=\"container\">\n\t\t\t\t<div class=\"elementor-element elementor-element-cde58f6 elementor-widget elementor-widget-text-editor\" data-id=\"cde58f6\" data-element_type=\"widget\" data-e-type=\"widget\" data-widget_type=\"text-editor.default\">\n\t\t\t\t\t\t\t\t\t<p><span style=\"text-decoration: none;\"><a href=\"https:\/\/maisonalparco.it\/fr\/chambre-double-avec-balcon\/\"><span style=\"color: #af8563;\">CHAMBRE DOUBLE AVEC BALCON<\/span><\/a><\/span><\/p>\t\t\t\t\t\t\t\t<\/div>\n\t\t\t\t<\/div>\n\t\t\t\t<\/div>\n\t\t<div class=\"elementor-element elementor-element-847e933 e-con-full elementor-hidden-mobile e-flex elementor-invisible e-con e-parent\" data-id=\"847e933\" data-element_type=\"container\" data-e-type=\"container\" data-settings=\"{&quot;animation&quot;:&quot;fadeInRight&quot;}\">\n\t\t<div class=\"elementor-element elementor-element-2b2e32b e-con-full e-flex e-con e-child\" data-id=\"2b2e32b\" data-element_type=\"container\" data-e-type=\"container\">\n\t\t\t\t<div class=\"elementor-element elementor-element-10c7759 elementor-widget elementor-widget-text-editor\" data-id=\"10c7759\" data-element_type=\"widget\" data-e-type=\"widget\" data-widget_type=\"text-editor.default\">\n\t\t\t\t\t\t\t\t\t<p><span style=\"text-decoration: none;\"><a href=\"https:\/\/maisonalparco.it\/fr\/chambre-double-avec-balcon\/\"><span style=\"color: #af8563;\">CHAMBRE DOUBLE AVEC BALCON<\/span><\/a><\/span><\/p>\t\t\t\t\t\t\t\t<\/div>\n\t\t\t\t<\/div>\n\t\t<div class=\"elementor-element elementor-element-20c8127 e-con-full e-flex e-con e-child\" data-id=\"20c8127\" data-element_type=\"container\" data-e-type=\"container\">\n\t\t\t\t<div class=\"elementor-element elementor-element-1850021 elementor-widget elementor-widget-image\" data-id=\"1850021\" data-element_type=\"widget\" data-e-type=\"widget\" data-widget_type=\"image.default\">\n\t\t\t\t\t\t\t\t\t\t\t\t\t\t\t\t<a href=\"https:\/\/maisonalparco.it\/fr\/chambre-double-avec-balcon\/\">\n\t\t\t\t\t\t\t<img alt=\"\" decoding=\"async\" width=\"2560\" height=\"1709\" src=\"https:\/\/maisonalparco.it\/wp-content\/uploads\/2026\/01\/DSC0222-scaled.jpg\" class=\"attachment-full size-full wp-image-496\" alt=\"\" srcset=\"https:\/\/maisonalparco.it\/wp-content\/uploads\/2026\/01\/DSC0222-scaled.jpg 2560w, https:\/\/maisonalparco.it\/wp-content\/uploads\/2026\/01\/DSC0222-300x200.jpg 300w, https:\/\/maisonalparco.it\/wp-content\/uploads\/2026\/01\/DSC0222-1024x684.jpg 1024w, https:\/\/maisonalparco.it\/wp-content\/uploads\/2026\/01\/DSC0222-768x513.jpg 768w, https:\/\/maisonalparco.it\/wp-content\/uploads\/2026\/01\/DSC0222-1536x1025.jpg 1536w, https:\/\/maisonalparco.it\/wp-content\/uploads\/2026\/01\/DSC0222-2048x1367.jpg 2048w\" sizes=\"(max-width: 2560px) 100vw, 2560px\" \/>\t\t\t\t\t\t\t\t<\/a>\n\t\t\t\t\t\t\t\t\t\t\t\t\t\t\t<\/div>\n\t\t\t\t<\/div>\n\t\t\t\t<\/div>\n\t\t<div class=\"elementor-element elementor-element-7307f3b e-con-full elementor-hidden-desktop elementor-hidden-tablet e-flex elementor-invisible e-con e-parent\" data-id=\"7307f3b\" data-element_type=\"container\" data-e-type=\"container\" data-settings=\"{&quot;animation&quot;:&quot;fadeInLeft&quot;}\">\n\t\t<div class=\"elementor-element elementor-element-7361905 e-con-full e-flex e-con e-child\" data-id=\"7361905\" data-element_type=\"container\" data-e-type=\"container\">\n\t\t\t\t<div class=\"elementor-element elementor-element-f7061bc elementor-widget elementor-widget-image\" data-id=\"f7061bc\" data-element_type=\"widget\" data-e-type=\"widget\" data-widget_type=\"image.default\">\n\t\t\t\t\t\t\t\t\t\t\t\t\t\t\t\t<a href=\"https:\/\/maisonalparco.it\/fr\/vue-sur-le-triple-parc\/\">\n\t\t\t\t\t\t\t<img alt=\"\" decoding=\"async\" width=\"2560\" height=\"1709\" src=\"https:\/\/maisonalparco.it\/wp-content\/uploads\/2026\/01\/DSC0141-scaled.jpg\" class=\"attachment-full size-full wp-image-497\" alt=\"\" srcset=\"https:\/\/maisonalparco.it\/wp-content\/uploads\/2026\/01\/DSC0141-scaled.jpg 2560w, https:\/\/maisonalparco.it\/wp-content\/uploads\/2026\/01\/DSC0141-300x200.jpg 300w, https:\/\/maisonalparco.it\/wp-content\/uploads\/2026\/01\/DSC0141-1024x684.jpg 1024w, https:\/\/maisonalparco.it\/wp-content\/uploads\/2026\/01\/DSC0141-768x513.jpg 768w, https:\/\/maisonalparco.it\/wp-content\/uploads\/2026\/01\/DSC0141-1536x1025.jpg 1536w, https:\/\/maisonalparco.it\/wp-content\/uploads\/2026\/01\/DSC0141-2048x1367.jpg 2048w\" sizes=\"(max-width: 2560px) 100vw, 2560px\" \/>\t\t\t\t\t\t\t\t<\/a>\n\t\t\t\t\t\t\t\t\t\t\t\t\t\t\t<\/div>\n\t\t\t\t<\/div>\n\t\t<div class=\"elementor-element elementor-element-7b2077e e-con-full e-flex e-con e-child\" data-id=\"7b2077e\" data-element_type=\"container\" data-e-type=\"container\">\n\t\t\t\t<div class=\"elementor-element elementor-element-3fcf229 elementor-widget elementor-widget-text-editor\" data-id=\"3fcf229\" data-element_type=\"widget\" data-e-type=\"widget\" data-widget_type=\"text-editor.default\">\n\t\t\t\t\t\t\t\t\t<p><span style=\"text-decoration: none;\"><a href=\"https:\/\/maisonalparco.it\/fr\/vue-sur-le-triple-parc\/\" data-wplink-edit=\"true\"><span style=\"color: #af8563;\">VUE SUR LE TRIPLE PARC<\/span><\/a><\/span><\/p>\t\t\t\t\t\t\t\t<\/div>\n\t\t\t\t<\/div>\n\t\t\t\t<\/div>\n\t\t<div class=\"elementor-element elementor-element-d20854e e-con-full elementor-hidden-mobile e-flex elementor-invisible e-con e-parent\" data-id=\"d20854e\" data-element_type=\"container\" data-e-type=\"container\" data-settings=\"{&quot;animation&quot;:&quot;fadeInLeft&quot;}\">\n\t\t<div class=\"elementor-element elementor-element-85114fd e-con-full e-flex e-con e-child\" data-id=\"85114fd\" data-element_type=\"container\" data-e-type=\"container\">\n\t\t\t\t<div class=\"elementor-element elementor-element-a62305e elementor-widget elementor-widget-image\" data-id=\"a62305e\" data-element_type=\"widget\" data-e-type=\"widget\" data-widget_type=\"image.default\">\n\t\t\t\t\t\t\t\t\t\t\t\t\t\t\t\t<a href=\"https:\/\/maisonalparco.it\/fr\/vue-sur-le-triple-parc\/\">\n\t\t\t\t\t\t\t<img alt=\"\" decoding=\"async\" width=\"2560\" height=\"1709\" src=\"https:\/\/maisonalparco.it\/wp-content\/uploads\/2026\/01\/DSC0141-scaled.jpg\" class=\"attachment-full size-full wp-image-497\" alt=\"\" srcset=\"https:\/\/maisonalparco.it\/wp-content\/uploads\/2026\/01\/DSC0141-scaled.jpg 2560w, https:\/\/maisonalparco.it\/wp-content\/uploads\/2026\/01\/DSC0141-300x200.jpg 300w, https:\/\/maisonalparco.it\/wp-content\/uploads\/2026\/01\/DSC0141-1024x684.jpg 1024w, https:\/\/maisonalparco.it\/wp-content\/uploads\/2026\/01\/DSC0141-768x513.jpg 768w, https:\/\/maisonalparco.it\/wp-content\/uploads\/2026\/01\/DSC0141-1536x1025.jpg 1536w, https:\/\/maisonalparco.it\/wp-content\/uploads\/2026\/01\/DSC0141-2048x1367.jpg 2048w\" sizes=\"(max-width: 2560px) 100vw, 2560px\" \/>\t\t\t\t\t\t\t\t<\/a>\n\t\t\t\t\t\t\t\t\t\t\t\t\t\t\t<\/div>\n\t\t\t\t<\/div>\n\t\t<div class=\"elementor-element elementor-element-b41a332 e-con-full e-flex e-con e-child\" data-id=\"b41a332\" data-element_type=\"container\" data-e-type=\"container\">\n\t\t\t\t<div class=\"elementor-element elementor-element-87545b2 elementor-widget elementor-widget-text-editor\" data-id=\"87545b2\" data-element_type=\"widget\" data-e-type=\"widget\" data-widget_type=\"text-editor.default\">\n\t\t\t\t\t\t\t\t\t<p><span style=\"text-decoration: none;\"><a href=\"https:\/\/maisonalparco.it\/fr\/vue-sur-le-triple-parc\/\" data-wplink-edit=\"true\"><span style=\"color: #af8563;\">VUE SUR LE TRIPLE PARC<\/span><\/a><\/span><\/p>\t\t\t\t\t\t\t\t<\/div>\n\t\t\t\t<\/div>\n\t\t\t\t<\/div>\n\t\t<div class=\"elementor-element elementor-element-13b1435 e-con-full elementor-hidden-mobile e-flex elementor-invisible e-con e-parent\" data-id=\"13b1435\" data-element_type=\"container\" data-e-type=\"container\" data-settings=\"{&quot;animation&quot;:&quot;fadeInRight&quot;}\">\n\t\t<div class=\"elementor-element elementor-element-8fb9b4b e-con-full e-flex e-con e-child\" data-id=\"8fb9b4b\" data-element_type=\"container\" data-e-type=\"container\">\n\t\t\t\t<div class=\"elementor-element elementor-element-44a6543 elementor-widget elementor-widget-text-editor\" data-id=\"44a6543\" data-element_type=\"widget\" data-e-type=\"widget\" data-widget_type=\"text-editor.default\">\n\t\t\t\t\t\t\t\t\t<p><span style=\"text-decoration: none;\"><a href=\"https:\/\/maisonalparco.it\/fr\/quadruple-avec-balcon\/\"><span style=\"color: #af8563;\">JUNIOR SUITE<\/span><\/a><\/span><\/p>\t\t\t\t\t\t\t\t<\/div>\n\t\t\t\t<\/div>\n\t\t<div class=\"elementor-element elementor-element-51fd4fb e-con-full e-flex e-con e-child\" data-id=\"51fd4fb\" data-element_type=\"container\" data-e-type=\"container\">\n\t\t\t\t<div class=\"elementor-element elementor-element-e684581 elementor-widget elementor-widget-image\" data-id=\"e684581\" data-element_type=\"widget\" data-e-type=\"widget\" data-widget_type=\"image.default\">\n\t\t\t\t\t\t\t\t\t\t\t\t\t\t\t\t<a href=\"https:\/\/maisonalparco.it\/fr\/quadruple-avec-balcon\/\">\n\t\t\t\t\t\t\t<img alt=\"\" loading=\"lazy\" decoding=\"async\" width=\"2560\" height=\"1709\" src=\"https:\/\/maisonalparco.it\/wp-content\/uploads\/2026\/01\/DSC0102-scaled.jpg\" class=\"attachment-full size-full wp-image-498\" alt=\"\" srcset=\"https:\/\/maisonalparco.it\/wp-content\/uploads\/2026\/01\/DSC0102-scaled.jpg 2560w, https:\/\/maisonalparco.it\/wp-content\/uploads\/2026\/01\/DSC0102-300x200.jpg 300w, https:\/\/maisonalparco.it\/wp-content\/uploads\/2026\/01\/DSC0102-1024x684.jpg 1024w, https:\/\/maisonalparco.it\/wp-content\/uploads\/2026\/01\/DSC0102-768x513.jpg 768w, https:\/\/maisonalparco.it\/wp-content\/uploads\/2026\/01\/DSC0102-1536x1025.jpg 1536w, https:\/\/maisonalparco.it\/wp-content\/uploads\/2026\/01\/DSC0102-2048x1367.jpg 2048w\" sizes=\"(max-width: 2560px) 100vw, 2560px\" \/>\t\t\t\t\t\t\t\t<\/a>\n\t\t\t\t\t\t\t\t\t\t\t\t\t\t\t<\/div>\n\t\t\t\t<\/div>\n\t\t\t\t<\/div>\n\t\t<div class=\"elementor-element elementor-element-d9ceb17 e-con-full elementor-hidden-desktop elementor-hidden-tablet e-flex elementor-invisible e-con e-parent\" data-id=\"d9ceb17\" data-element_type=\"container\" data-e-type=\"container\" data-settings=\"{&quot;animation&quot;:&quot;fadeInRight&quot;}\">\n\t\t<div class=\"elementor-element elementor-element-9e324cf e-con-full e-flex e-con e-child\" data-id=\"9e324cf\" data-element_type=\"container\" data-e-type=\"container\">\n\t\t\t\t<div class=\"elementor-element elementor-element-c90d87c elementor-widget elementor-widget-image\" data-id=\"c90d87c\" data-element_type=\"widget\" data-e-type=\"widget\" data-widget_type=\"image.default\">\n\t\t\t\t\t\t\t\t\t\t\t\t\t\t\t\t<a href=\"https:\/\/maisonalparco.it\/fr\/quadruple-avec-balcon\/\">\n\t\t\t\t\t\t\t<img alt=\"\" loading=\"lazy\" decoding=\"async\" width=\"2560\" height=\"1709\" src=\"https:\/\/maisonalparco.it\/wp-content\/uploads\/2026\/01\/DSC0102-scaled.jpg\" class=\"attachment-full size-full wp-image-498\" alt=\"\" srcset=\"https:\/\/maisonalparco.it\/wp-content\/uploads\/2026\/01\/DSC0102-scaled.jpg 2560w, https:\/\/maisonalparco.it\/wp-content\/uploads\/2026\/01\/DSC0102-300x200.jpg 300w, https:\/\/maisonalparco.it\/wp-content\/uploads\/2026\/01\/DSC0102-1024x684.jpg 1024w, https:\/\/maisonalparco.it\/wp-content\/uploads\/2026\/01\/DSC0102-768x513.jpg 768w, https:\/\/maisonalparco.it\/wp-content\/uploads\/2026\/01\/DSC0102-1536x1025.jpg 1536w, https:\/\/maisonalparco.it\/wp-content\/uploads\/2026\/01\/DSC0102-2048x1367.jpg 2048w\" sizes=\"(max-width: 2560px) 100vw, 2560px\" \/>\t\t\t\t\t\t\t\t<\/a>\n\t\t\t\t\t\t\t\t\t\t\t\t\t\t\t<\/div>\n\t\t\t\t<\/div>\n\t\t<div class=\"elementor-element elementor-element-2134536 e-con-full e-flex e-con e-child\" data-id=\"2134536\" data-element_type=\"container\" data-e-type=\"container\">\n\t\t\t\t<div class=\"elementor-element elementor-element-0917ba9 elementor-widget elementor-widget-text-editor\" data-id=\"0917ba9\" data-element_type=\"widget\" data-e-type=\"widget\" data-widget_type=\"text-editor.default\">\n\t\t\t\t\t\t\t\t\t<p><span style=\"text-decoration: none;\"><a href=\"https:\/\/maisonalparco.it\/fr\/quadruple-avec-balcon\/\"><span style=\"color: #af8563;\">JUNIOR SUITE<\/span><\/a><\/span><\/p>\t\t\t\t\t\t\t\t<\/div>\n\t\t\t\t<\/div>\n\t\t\t\t<\/div>\n\t\t\t\t<\/div>\n\t\t","protected":false},"excerpt":{"rendered":"<p>VOIR LES DISPONIBILIT\u00c9S CHAMBRES ET SUITES Chaque d\u00e9tail de la structure est con\u00e7u pour vous offrir un s\u00e9jour paisible, rapide et fonctionnel, sans sacrifier une atmosph\u00e8re agr\u00e9able et accueillante. VOIR LES DISPONIBILIT\u00c9S CHAMBRES ET SUITES Chaque d\u00e9tail de la structure est con\u00e7u pour vous offrir un s\u00e9jour paisible, rapide et fonctionnel, sans sacrifier une atmosph\u00e8re [&hellip;]<\/p>\n","protected":false},"author":1,"featured_media":0,"parent":0,"menu_order":0,"comment_status":"closed","ping_status":"closed","template":"","meta":{"_seopress_robots_primary_cat":"","_seopress_titles_title":"","_seopress_titles_desc":"","_seopress_robots_index":"","footnotes":""},"class_list":["post-494","page","type-page","status-publish","hentry"],"_links":{"self":[{"href":"https:\/\/maisonalparco.it\/fr\/wp-json\/wp\/v2\/pages\/494","targetHints":{"allow":["GET"]}}],"collection":[{"href":"https:\/\/maisonalparco.it\/fr\/wp-json\/wp\/v2\/pages"}],"about":[{"href":"https:\/\/maisonalparco.it\/fr\/wp-json\/wp\/v2\/types\/page"}],"author":[{"embeddable":true,"href":"https:\/\/maisonalparco.it\/fr\/wp-json\/wp\/v2\/users\/1"}],"replies":[{"embeddable":true,"href":"https:\/\/maisonalparco.it\/fr\/wp-json\/wp\/v2\/comments?post=494"}],"version-history":[{"count":0,"href":"https:\/\/maisonalparco.it\/fr\/wp-json\/wp\/v2\/pages\/494\/revisions"}],"wp:attachment":[{"href":"https:\/\/maisonalparco.it\/fr\/wp-json\/wp\/v2\/media?parent=494"}],"curies":[{"name":"wp","href":"https:\/\/api.w.org\/{rel}","templated":true}]}}