{"id":352,"date":"2026-01-12T20:15:16","date_gmt":"2026-01-12T20:15:16","guid":{"rendered":"https:\/\/maisonalparco.it\/quadruple-avec-balcon\/"},"modified":"2026-03-22T06:22:45","modified_gmt":"2026-03-22T06:22:45","slug":"quadruple-avec-balcon","status":"publish","type":"page","link":"https:\/\/maisonalparco.it\/fr\/quadruple-avec-balcon\/","title":{"rendered":"QUADRUPLE AVEC BALCON"},"content":{"rendered":"\t\t<div data-elementor-type=\"wp-page\" data-elementor-id=\"352\" class=\"elementor elementor-352 elementor-274\" data-elementor-post-type=\"page\">\n\t\t\t\t<div class=\"elementor-element elementor-element-b56f278 e-flex e-con-boxed e-con e-parent\" data-id=\"b56f278\" data-element_type=\"container\" data-e-type=\"container\">\n\t\t\t\t\t<div class=\"e-con-inner\">\n\t\t<div class=\"elementor-element elementor-element-dff179c e-con-full e-flex e-con e-child\" data-id=\"dff179c\" data-element_type=\"container\" data-e-type=\"container\">\n\t\t\t\t<div class=\"elementor-element elementor-element-06f0cad elementor-widget elementor-widget-text-editor\" data-id=\"06f0cad\" data-element_type=\"widget\" data-e-type=\"widget\" data-widget_type=\"text-editor.default\">\n\t\t\t\t\t\t\t\t\t<p><strong>JUNIOR SUITE<\/strong><\/p>\t\t\t\t\t\t\t\t<\/div>\n\t\t\t\t<div class=\"elementor-element elementor-element-299357e elementor-widget__width-auto elementor-widget elementor-widget-button\" data-id=\"299357e\" data-element_type=\"widget\" data-e-type=\"widget\" data-widget_type=\"button.default\">\n\t\t\t\t\t\t\t\t\t\t<a class=\"elementor-button elementor-button-link elementor-size-sm\" href=\"https:\/\/wubook.net\/nneb\/bk?f=today&#038;n=1&#038;ep=b224cf2a&#038;o=1.0.0.0\" target=\"_blank\">\n\t\t\t\t\t\t<span class=\"elementor-button-content-wrapper\">\n\t\t\t\t\t\t\t\t\t<span class=\"elementor-button-text\">LIVRE<\/span>\n\t\t\t\t\t<\/span>\n\t\t\t\t\t<\/a>\n\t\t\t\t\t\t\t\t<\/div>\n\t\t\t\t<\/div>\n\t\t<div class=\"elementor-element elementor-element-9293e97 e-con-full e-flex e-con e-child\" data-id=\"9293e97\" data-element_type=\"container\" data-e-type=\"container\">\n\t\t\t\t<div class=\"elementor-element elementor-element-b36dfa1 elementor-widget elementor-widget-text-editor\" data-id=\"b36dfa1\" data-element_type=\"widget\" data-e-type=\"widget\" data-widget_type=\"text-editor.default\">\n\t\t\t\t\t\t\t\t\t<p>Spacieuse, lumineuse et flexible, notre Junior Suite avec Balcon est con\u00e7ue pour offrir un niveau de confort sup\u00e9rieur, que ce soit en couple ou en famille.<br>Les espaces g\u00e9n\u00e9reux et l&rsquo;espace salon rendent la chambre id\u00e9ale comme double deluxe, tandis que la disposition fonctionnelle permet d&rsquo;accueillir confortablement jusqu&rsquo;\u00e0 quatre personnes sans renoncer \u00e0 l&rsquo;intimit\u00e9 et au confort.<br>Le balcon priv\u00e9, donnant sur le jardin int\u00e9rieur, offre un moment de qui\u00e9tude inattendue : l&rsquo;endroit parfait pour se d\u00e9tendre avant ou apr\u00e8s un voyage.<br>Une solution raffin\u00e9e et polyvalente, capable de transformer m\u00eame un s\u00e9jour bref en une exp\u00e9rience agr\u00e9able et sans stress \u2014 \u00e0 quelques minutes de l&rsquo;a\u00e9roport, mais dans une atmosph\u00e8re tranquille et relaxante.<\/p>\t\t\t\t\t\t\t\t<\/div>\n\t\t\t\t<\/div>\n\t\t\t\t\t<\/div>\n\t\t\t\t<\/div>\n\t\t<div class=\"elementor-element elementor-element-68d6f1e e-flex e-con-boxed e-con e-parent\" data-id=\"68d6f1e\" data-element_type=\"container\" data-e-type=\"container\">\n\t\t\t\t\t<div class=\"e-con-inner\">\n\t\t\t\t<div class=\"elementor-element elementor-element-d5e6a52 elementor-widget elementor-widget-gallery\" data-id=\"d5e6a52\" data-element_type=\"widget\" data-e-type=\"widget\" data-settings=\"{&quot;columns&quot;:3,&quot;gallery_layout&quot;:&quot;grid&quot;,&quot;columns_tablet&quot;:2,&quot;columns_mobile&quot;:1,&quot;gap&quot;:{&quot;unit&quot;:&quot;px&quot;,&quot;size&quot;:10,&quot;sizes&quot;:[]},&quot;gap_tablet&quot;:{&quot;unit&quot;:&quot;px&quot;,&quot;size&quot;:10,&quot;sizes&quot;:[]},&quot;gap_mobile&quot;:{&quot;unit&quot;:&quot;px&quot;,&quot;size&quot;:10,&quot;sizes&quot;:[]},&quot;link_to&quot;:&quot;file&quot;,&quot;aspect_ratio&quot;:&quot;3:2&quot;,&quot;overlay_background&quot;:&quot;yes&quot;,&quot;content_hover_animation&quot;:&quot;fade-in&quot;}\" data-widget_type=\"gallery.default\">\n\t\t\t\t\t\t\t<div class=\"elementor-gallery__container\">\n\t\t\t\t\t\t\t<a class=\"e-gallery-item elementor-gallery-item elementor-animated-content\" href=\"https:\/\/maisonalparco.it\/wp-content\/uploads\/2026\/01\/DSC0083-scaled.jpg\" data-elementor-open-lightbox=\"yes\" data-elementor-lightbox-slideshow=\"d5e6a52\" data-elementor-lightbox-title=\"_DSC0083\" data-e-action-hash=\"#elementor-action%3Aaction%3Dlightbox%26settings%3DeyJpZCI6MzUzLCJ1cmwiOiJodHRwczpcL1wvbWFpc29uYWxwYXJjby5pdFwvd3AtY29udGVudFwvdXBsb2Fkc1wvMjAyNlwvMDFcL0RTQzAwODMtc2NhbGVkLmpwZyIsInNsaWRlc2hvdyI6ImQ1ZTZhNTIifQ%3D%3D\">\n\t\t\t\t\t<div class=\"e-gallery-image elementor-gallery-item__image\" data-thumbnail=\"https:\/\/maisonalparco.it\/wp-content\/uploads\/2026\/01\/DSC0083-300x200.jpg\" data-width=\"300\" data-height=\"200\" aria-label=\"\" role=\"img\" ><\/div>\n\t\t\t\t\t\t\t\t\t\t\t<div class=\"elementor-gallery-item__overlay\"><\/div>\n\t\t\t\t\t\t\t\t\t\t\t\t\t\t<\/a>\n\t\t\t\t\t\t\t<a class=\"e-gallery-item elementor-gallery-item elementor-animated-content\" href=\"https:\/\/maisonalparco.it\/wp-content\/uploads\/2026\/01\/DSC0093-scaled.jpg\" data-elementor-open-lightbox=\"yes\" data-elementor-lightbox-slideshow=\"d5e6a52\" data-elementor-lightbox-title=\"_DSC0093\" data-e-action-hash=\"#elementor-action%3Aaction%3Dlightbox%26settings%3DeyJpZCI6MzU0LCJ1cmwiOiJodHRwczpcL1wvbWFpc29uYWxwYXJjby5pdFwvd3AtY29udGVudFwvdXBsb2Fkc1wvMjAyNlwvMDFcL0RTQzAwOTMtc2NhbGVkLmpwZyIsInNsaWRlc2hvdyI6ImQ1ZTZhNTIifQ%3D%3D\">\n\t\t\t\t\t<div class=\"e-gallery-image elementor-gallery-item__image\" data-thumbnail=\"https:\/\/maisonalparco.it\/wp-content\/uploads\/2026\/01\/DSC0093-300x200.jpg\" data-width=\"300\" data-height=\"200\" aria-label=\"\" role=\"img\" ><\/div>\n\t\t\t\t\t\t\t\t\t\t\t<div class=\"elementor-gallery-item__overlay\"><\/div>\n\t\t\t\t\t\t\t\t\t\t\t\t\t\t<\/a>\n\t\t\t\t\t\t\t<a class=\"e-gallery-item elementor-gallery-item elementor-animated-content\" href=\"https:\/\/maisonalparco.it\/wp-content\/uploads\/2026\/01\/DSC0096-scaled.jpg\" data-elementor-open-lightbox=\"yes\" data-elementor-lightbox-slideshow=\"d5e6a52\" data-elementor-lightbox-title=\"_DSC0096\" data-e-action-hash=\"#elementor-action%3Aaction%3Dlightbox%26settings%3DeyJpZCI6MzU1LCJ1cmwiOiJodHRwczpcL1wvbWFpc29uYWxwYXJjby5pdFwvd3AtY29udGVudFwvdXBsb2Fkc1wvMjAyNlwvMDFcL0RTQzAwOTYtc2NhbGVkLmpwZyIsInNsaWRlc2hvdyI6ImQ1ZTZhNTIifQ%3D%3D\">\n\t\t\t\t\t<div class=\"e-gallery-image elementor-gallery-item__image\" data-thumbnail=\"https:\/\/maisonalparco.it\/wp-content\/uploads\/2026\/01\/DSC0096-300x200.jpg\" data-width=\"300\" data-height=\"200\" aria-label=\"\" role=\"img\" ><\/div>\n\t\t\t\t\t\t\t\t\t\t\t<div class=\"elementor-gallery-item__overlay\"><\/div>\n\t\t\t\t\t\t\t\t\t\t\t\t\t\t<\/a>\n\t\t\t\t\t\t\t<a class=\"e-gallery-item elementor-gallery-item elementor-animated-content\" href=\"https:\/\/maisonalparco.it\/wp-content\/uploads\/2026\/01\/DSC0102-1-scaled.jpg\" data-elementor-open-lightbox=\"yes\" data-elementor-lightbox-slideshow=\"d5e6a52\" data-elementor-lightbox-title=\"_DSC0102\" data-e-action-hash=\"#elementor-action%3Aaction%3Dlightbox%26settings%3DeyJpZCI6MzU2LCJ1cmwiOiJodHRwczpcL1wvbWFpc29uYWxwYXJjby5pdFwvd3AtY29udGVudFwvdXBsb2Fkc1wvMjAyNlwvMDFcL0RTQzAxMDItMS1zY2FsZWQuanBnIiwic2xpZGVzaG93IjoiZDVlNmE1MiJ9\">\n\t\t\t\t\t<div class=\"e-gallery-image elementor-gallery-item__image\" data-thumbnail=\"https:\/\/maisonalparco.it\/wp-content\/uploads\/2026\/01\/DSC0102-1-300x200.jpg\" data-width=\"300\" data-height=\"200\" aria-label=\"\" role=\"img\" ><\/div>\n\t\t\t\t\t\t\t\t\t\t\t<div class=\"elementor-gallery-item__overlay\"><\/div>\n\t\t\t\t\t\t\t\t\t\t\t\t\t\t<\/a>\n\t\t\t\t\t\t\t<a class=\"e-gallery-item elementor-gallery-item elementor-animated-content\" href=\"https:\/\/maisonalparco.it\/wp-content\/uploads\/2026\/01\/DSC0350-scaled.jpg\" data-elementor-open-lightbox=\"yes\" data-elementor-lightbox-slideshow=\"d5e6a52\" data-elementor-lightbox-title=\"_DSC0350\" data-e-action-hash=\"#elementor-action%3Aaction%3Dlightbox%26settings%3DeyJpZCI6MzU3LCJ1cmwiOiJodHRwczpcL1wvbWFpc29uYWxwYXJjby5pdFwvd3AtY29udGVudFwvdXBsb2Fkc1wvMjAyNlwvMDFcL0RTQzAzNTAtc2NhbGVkLmpwZyIsInNsaWRlc2hvdyI6ImQ1ZTZhNTIifQ%3D%3D\">\n\t\t\t\t\t<div class=\"e-gallery-image elementor-gallery-item__image\" data-thumbnail=\"https:\/\/maisonalparco.it\/wp-content\/uploads\/2026\/01\/DSC0350-300x300.jpg\" data-width=\"300\" data-height=\"300\" aria-label=\"\" role=\"img\" ><\/div>\n\t\t\t\t\t\t\t\t\t\t\t<div class=\"elementor-gallery-item__overlay\"><\/div>\n\t\t\t\t\t\t\t\t\t\t\t\t\t\t<\/a>\n\t\t\t\t\t\t\t<a class=\"e-gallery-item elementor-gallery-item elementor-animated-content\" href=\"https:\/\/maisonalparco.it\/wp-content\/uploads\/2026\/01\/DSC0115-scaled.jpg\" data-elementor-open-lightbox=\"yes\" data-elementor-lightbox-slideshow=\"d5e6a52\" data-elementor-lightbox-title=\"_DSC0115\" data-e-action-hash=\"#elementor-action%3Aaction%3Dlightbox%26settings%3DeyJpZCI6MzU4LCJ1cmwiOiJodHRwczpcL1wvbWFpc29uYWxwYXJjby5pdFwvd3AtY29udGVudFwvdXBsb2Fkc1wvMjAyNlwvMDFcL0RTQzAxMTUtc2NhbGVkLmpwZyIsInNsaWRlc2hvdyI6ImQ1ZTZhNTIifQ%3D%3D\">\n\t\t\t\t\t<div class=\"e-gallery-image elementor-gallery-item__image\" data-thumbnail=\"https:\/\/maisonalparco.it\/wp-content\/uploads\/2026\/01\/DSC0115-300x200.jpg\" data-width=\"300\" data-height=\"200\" aria-label=\"\" role=\"img\" ><\/div>\n\t\t\t\t\t\t\t\t\t\t\t<div class=\"elementor-gallery-item__overlay\"><\/div>\n\t\t\t\t\t\t\t\t\t\t\t\t\t\t<\/a>\n\t\t\t\t\t\t\t<a class=\"e-gallery-item elementor-gallery-item elementor-animated-content\" href=\"https:\/\/maisonalparco.it\/wp-content\/uploads\/2026\/01\/DSC0120-scaled.jpg\" data-elementor-open-lightbox=\"yes\" data-elementor-lightbox-slideshow=\"d5e6a52\" data-elementor-lightbox-title=\"_DSC0120\" data-e-action-hash=\"#elementor-action%3Aaction%3Dlightbox%26settings%3DeyJpZCI6MzU5LCJ1cmwiOiJodHRwczpcL1wvbWFpc29uYWxwYXJjby5pdFwvd3AtY29udGVudFwvdXBsb2Fkc1wvMjAyNlwvMDFcL0RTQzAxMjAtc2NhbGVkLmpwZyIsInNsaWRlc2hvdyI6ImQ1ZTZhNTIifQ%3D%3D\">\n\t\t\t\t\t<div class=\"e-gallery-image elementor-gallery-item__image\" data-thumbnail=\"https:\/\/maisonalparco.it\/wp-content\/uploads\/2026\/01\/DSC0120-300x200.jpg\" data-width=\"300\" data-height=\"200\" aria-label=\"\" role=\"img\" ><\/div>\n\t\t\t\t\t\t\t\t\t\t\t<div class=\"elementor-gallery-item__overlay\"><\/div>\n\t\t\t\t\t\t\t\t\t\t\t\t\t\t<\/a>\n\t\t\t\t\t\t\t<a class=\"e-gallery-item elementor-gallery-item elementor-animated-content\" href=\"https:\/\/maisonalparco.it\/wp-content\/uploads\/2026\/01\/WhatsApp-Image-2025-01-22-at-14.29.40.jpeg\" data-elementor-open-lightbox=\"yes\" data-elementor-lightbox-slideshow=\"d5e6a52\" data-elementor-lightbox-title=\"WhatsApp Image 2025-01-22 at 14.29.40\" data-e-action-hash=\"#elementor-action%3Aaction%3Dlightbox%26settings%3DeyJpZCI6MzYwLCJ1cmwiOiJodHRwczpcL1wvbWFpc29uYWxwYXJjby5pdFwvd3AtY29udGVudFwvdXBsb2Fkc1wvMjAyNlwvMDFcL1doYXRzQXBwLUltYWdlLTIwMjUtMDEtMjItYXQtMTQuMjkuNDAuanBlZyIsInNsaWRlc2hvdyI6ImQ1ZTZhNTIifQ%3D%3D\">\n\t\t\t\t\t<div class=\"e-gallery-image elementor-gallery-item__image\" data-thumbnail=\"https:\/\/maisonalparco.it\/wp-content\/uploads\/2026\/01\/WhatsApp-Image-2025-01-22-at-14.29.40-300x200.jpeg\" data-width=\"300\" data-height=\"200\" aria-label=\"\" role=\"img\" ><\/div>\n\t\t\t\t\t\t\t\t\t\t\t<div class=\"elementor-gallery-item__overlay\"><\/div>\n\t\t\t\t\t\t\t\t\t\t\t\t\t\t<\/a>\n\t\t\t\t\t<\/div>\n\t\t\t\t\t<\/div>\n\t\t\t\t\t<\/div>\n\t\t\t\t<\/div>\n\t\t\t\t<\/div>\n\t\t","protected":false},"excerpt":{"rendered":"<p>JUNIOR SUITE LIVRE Spacieuse, lumineuse et flexible, notre Junior Suite avec Balcon est con\u00e7ue pour offrir un niveau de confort sup\u00e9rieur, que ce soit en couple ou en famille.Les espaces g\u00e9n\u00e9reux et l&rsquo;espace salon rendent la chambre id\u00e9ale comme double deluxe, tandis que la disposition fonctionnelle permet d&rsquo;accueillir confortablement jusqu&rsquo;\u00e0 quatre personnes sans renoncer \u00e0 [&hellip;]<\/p>\n","protected":false},"author":1,"featured_media":0,"parent":0,"menu_order":0,"comment_status":"closed","ping_status":"closed","template":"","meta":{"_seopress_robots_primary_cat":"","_seopress_titles_title":"","_seopress_titles_desc":"","_seopress_robots_index":"","footnotes":""},"class_list":["post-352","page","type-page","status-publish","hentry"],"_links":{"self":[{"href":"https:\/\/maisonalparco.it\/fr\/wp-json\/wp\/v2\/pages\/352","targetHints":{"allow":["GET"]}}],"collection":[{"href":"https:\/\/maisonalparco.it\/fr\/wp-json\/wp\/v2\/pages"}],"about":[{"href":"https:\/\/maisonalparco.it\/fr\/wp-json\/wp\/v2\/types\/page"}],"author":[{"embeddable":true,"href":"https:\/\/maisonalparco.it\/fr\/wp-json\/wp\/v2\/users\/1"}],"replies":[{"embeddable":true,"href":"https:\/\/maisonalparco.it\/fr\/wp-json\/wp\/v2\/comments?post=352"}],"version-history":[{"count":0,"href":"https:\/\/maisonalparco.it\/fr\/wp-json\/wp\/v2\/pages\/352\/revisions"}],"wp:attachment":[{"href":"https:\/\/maisonalparco.it\/fr\/wp-json\/wp\/v2\/media?parent=352"}],"curies":[{"name":"wp","href":"https:\/\/api.w.org\/{rel}","templated":true}]}}