{"id":460,"date":"2026-01-12T17:32:23","date_gmt":"2026-01-12T17:32:23","guid":{"rendered":"https:\/\/maisonalparco.it\/habitacion-doble-con-vista-al-parque\/"},"modified":"2026-03-22T06:22:53","modified_gmt":"2026-03-22T06:22:53","slug":"habitacion-doble-con-vista-al-parque","status":"publish","type":"page","link":"https:\/\/maisonalparco.it\/es\/habitacion-doble-con-vista-al-parque\/","title":{"rendered":"HABITACI\u00d3N DOBLE CON VISTA AL PARQUE"},"content":{"rendered":"\t\t<div data-elementor-type=\"wp-page\" data-elementor-id=\"460\" class=\"elementor elementor-460 elementor-181\" data-elementor-post-type=\"page\">\n\t\t\t\t<div class=\"elementor-element elementor-element-e859108 e-flex e-con-boxed e-con e-parent\" data-id=\"e859108\" data-element_type=\"container\" data-e-type=\"container\">\n\t\t\t\t\t<div class=\"e-con-inner\">\n\t\t<div class=\"elementor-element elementor-element-5844b61 e-con-full e-flex e-con e-child\" data-id=\"5844b61\" data-element_type=\"container\" data-e-type=\"container\">\n\t\t\t\t<div class=\"elementor-element elementor-element-77a5d58 elementor-widget elementor-widget-text-editor\" data-id=\"77a5d58\" data-element_type=\"widget\" data-e-type=\"widget\" data-widget_type=\"text-editor.default\">\n\t\t\t\t\t\t\t\t\t<p><strong>HABITACI\u00d3N DOBLE CON VISTA AL PARQUE<\/strong><\/p>\t\t\t\t\t\t\t\t<\/div>\n\t\t\t\t<div class=\"elementor-element elementor-element-1d2e4a6 elementor-widget__width-auto elementor-widget elementor-widget-button\" data-id=\"1d2e4a6\" data-element_type=\"widget\" data-e-type=\"widget\" data-widget_type=\"button.default\">\n\t\t\t\t\t\t\t\t\t\t<a class=\"elementor-button elementor-button-link elementor-size-sm\" href=\"https:\/\/wubook.net\/nneb\/bk?f=today&#038;n=1&#038;ep=b224cf2a&#038;o=1.0.0.0\" target=\"_blank\">\n\t\t\t\t\t\t<span class=\"elementor-button-content-wrapper\">\n\t\t\t\t\t\t\t\t\t<span class=\"elementor-button-text\">LIBRO<\/span>\n\t\t\t\t\t<\/span>\n\t\t\t\t\t<\/a>\n\t\t\t\t\t\t\t\t<\/div>\n\t\t\t\t<\/div>\n\t\t<div class=\"elementor-element elementor-element-1e9a9ce e-con-full e-flex e-con e-child\" data-id=\"1e9a9ce\" data-element_type=\"container\" data-e-type=\"container\">\n\t\t\t\t<div class=\"elementor-element elementor-element-44afd88 elementor-widget elementor-widget-text-editor\" data-id=\"44afd88\" data-element_type=\"widget\" data-e-type=\"widget\" data-widget_type=\"text-editor.default\">\n\t\t\t\t\t\t\t\t\t<p>Acogedora, luminosa y cuidada minuciosamente, nuestra habitaci\u00f3n doble est\u00e1 dise\u00f1ada para garantizar el descanso y la relajaci\u00f3n. Los espacios modernos y relajantes ofrecen todo lo necesario para una estancia corta pero placentera. Una opci\u00f3n ideal para quienes buscan comodidad y conveniencia a solo minutos del aeropuerto.<\/p>\t\t\t\t\t\t\t\t<\/div>\n\t\t\t\t<\/div>\n\t\t\t\t\t<\/div>\n\t\t\t\t<\/div>\n\t\t<div class=\"elementor-element elementor-element-f480af5 e-flex e-con-boxed e-con e-parent\" data-id=\"f480af5\" data-element_type=\"container\" data-e-type=\"container\">\n\t\t\t\t\t<div class=\"e-con-inner\">\n\t\t\t\t<div class=\"elementor-element elementor-element-6035691 elementor-widget elementor-widget-gallery\" data-id=\"6035691\" data-element_type=\"widget\" data-e-type=\"widget\" data-settings=\"{&quot;columns&quot;:2,&quot;gallery_layout&quot;:&quot;grid&quot;,&quot;columns_tablet&quot;:2,&quot;columns_mobile&quot;:1,&quot;gap&quot;:{&quot;unit&quot;:&quot;px&quot;,&quot;size&quot;:10,&quot;sizes&quot;:[]},&quot;gap_tablet&quot;:{&quot;unit&quot;:&quot;px&quot;,&quot;size&quot;:10,&quot;sizes&quot;:[]},&quot;gap_mobile&quot;:{&quot;unit&quot;:&quot;px&quot;,&quot;size&quot;:10,&quot;sizes&quot;:[]},&quot;link_to&quot;:&quot;file&quot;,&quot;aspect_ratio&quot;:&quot;3:2&quot;,&quot;overlay_background&quot;:&quot;yes&quot;,&quot;content_hover_animation&quot;:&quot;fade-in&quot;}\" data-widget_type=\"gallery.default\">\n\t\t\t\t\t\t\t<div class=\"elementor-gallery__container\">\n\t\t\t\t\t\t\t<a class=\"e-gallery-item elementor-gallery-item elementor-animated-content\" href=\"https:\/\/maisonalparco.it\/wp-content\/uploads\/2026\/01\/DSC0313-scaled.jpg\" data-elementor-open-lightbox=\"yes\" data-elementor-lightbox-slideshow=\"6035691\" data-elementor-lightbox-title=\"_DSC0313\" data-e-action-hash=\"#elementor-action%3Aaction%3Dlightbox%26settings%3DeyJpZCI6NDYxLCJ1cmwiOiJodHRwczpcL1wvbWFpc29uYWxwYXJjby5pdFwvd3AtY29udGVudFwvdXBsb2Fkc1wvMjAyNlwvMDFcL0RTQzAzMTMtc2NhbGVkLmpwZyIsInNsaWRlc2hvdyI6IjYwMzU2OTEifQ%3D%3D\">\n\t\t\t\t\t<div class=\"e-gallery-image elementor-gallery-item__image\" data-thumbnail=\"https:\/\/maisonalparco.it\/wp-content\/uploads\/2026\/01\/DSC0313-300x200.jpg\" data-width=\"300\" data-height=\"200\" aria-label=\"\" role=\"img\" ><\/div>\n\t\t\t\t\t\t\t\t\t\t\t<div class=\"elementor-gallery-item__overlay\"><\/div>\n\t\t\t\t\t\t\t\t\t\t\t\t\t\t<\/a>\n\t\t\t\t\t\t\t<a class=\"e-gallery-item elementor-gallery-item elementor-animated-content\" href=\"https:\/\/maisonalparco.it\/wp-content\/uploads\/2026\/01\/DSC0316-scaled.jpg\" data-elementor-open-lightbox=\"yes\" data-elementor-lightbox-slideshow=\"6035691\" data-elementor-lightbox-title=\"_DSC0316\" data-e-action-hash=\"#elementor-action%3Aaction%3Dlightbox%26settings%3DeyJpZCI6NDYyLCJ1cmwiOiJodHRwczpcL1wvbWFpc29uYWxwYXJjby5pdFwvd3AtY29udGVudFwvdXBsb2Fkc1wvMjAyNlwvMDFcL0RTQzAzMTYtc2NhbGVkLmpwZyIsInNsaWRlc2hvdyI6IjYwMzU2OTEifQ%3D%3D\">\n\t\t\t\t\t<div class=\"e-gallery-image elementor-gallery-item__image\" data-thumbnail=\"https:\/\/maisonalparco.it\/wp-content\/uploads\/2026\/01\/DSC0316-300x200.jpg\" data-width=\"300\" data-height=\"200\" aria-label=\"\" role=\"img\" ><\/div>\n\t\t\t\t\t\t\t\t\t\t\t<div class=\"elementor-gallery-item__overlay\"><\/div>\n\t\t\t\t\t\t\t\t\t\t\t\t\t\t<\/a>\n\t\t\t\t\t\t\t<a class=\"e-gallery-item elementor-gallery-item elementor-animated-content\" href=\"https:\/\/maisonalparco.it\/wp-content\/uploads\/2026\/01\/DSC0322-scaled.jpg\" data-elementor-open-lightbox=\"yes\" data-elementor-lightbox-slideshow=\"6035691\" data-elementor-lightbox-title=\"_DSC0322\" data-e-action-hash=\"#elementor-action%3Aaction%3Dlightbox%26settings%3DeyJpZCI6NDYzLCJ1cmwiOiJodHRwczpcL1wvbWFpc29uYWxwYXJjby5pdFwvd3AtY29udGVudFwvdXBsb2Fkc1wvMjAyNlwvMDFcL0RTQzAzMjItc2NhbGVkLmpwZyIsInNsaWRlc2hvdyI6IjYwMzU2OTEifQ%3D%3D\">\n\t\t\t\t\t<div class=\"e-gallery-image elementor-gallery-item__image\" data-thumbnail=\"https:\/\/maisonalparco.it\/wp-content\/uploads\/2026\/01\/DSC0322-300x200.jpg\" data-width=\"300\" data-height=\"200\" aria-label=\"\" role=\"img\" ><\/div>\n\t\t\t\t\t\t\t\t\t\t\t<div class=\"elementor-gallery-item__overlay\"><\/div>\n\t\t\t\t\t\t\t\t\t\t\t\t\t\t<\/a>\n\t\t\t\t\t\t\t<a class=\"e-gallery-item elementor-gallery-item elementor-animated-content\" href=\"https:\/\/maisonalparco.it\/wp-content\/uploads\/2026\/01\/DSC0343-scaled.jpg\" data-elementor-open-lightbox=\"yes\" data-elementor-lightbox-slideshow=\"6035691\" data-elementor-lightbox-title=\"_DSC0343\" data-e-action-hash=\"#elementor-action%3Aaction%3Dlightbox%26settings%3DeyJpZCI6NDY0LCJ1cmwiOiJodHRwczpcL1wvbWFpc29uYWxwYXJjby5pdFwvd3AtY29udGVudFwvdXBsb2Fkc1wvMjAyNlwvMDFcL0RTQzAzNDMtc2NhbGVkLmpwZyIsInNsaWRlc2hvdyI6IjYwMzU2OTEifQ%3D%3D\">\n\t\t\t\t\t<div class=\"e-gallery-image elementor-gallery-item__image\" data-thumbnail=\"https:\/\/maisonalparco.it\/wp-content\/uploads\/2026\/01\/DSC0343-300x200.jpg\" data-width=\"300\" data-height=\"200\" aria-label=\"\" role=\"img\" ><\/div>\n\t\t\t\t\t\t\t\t\t\t\t<div class=\"elementor-gallery-item__overlay\"><\/div>\n\t\t\t\t\t\t\t\t\t\t\t\t\t\t<\/a>\n\t\t\t\t\t\t\t<a class=\"e-gallery-item elementor-gallery-item elementor-animated-content\" href=\"https:\/\/maisonalparco.it\/wp-content\/uploads\/2026\/01\/camera2-1-scaled.jpg\" data-elementor-open-lightbox=\"yes\" data-elementor-lightbox-slideshow=\"6035691\" data-elementor-lightbox-title=\"camera2\" data-e-action-hash=\"#elementor-action%3Aaction%3Dlightbox%26settings%3DeyJpZCI6NDY1LCJ1cmwiOiJodHRwczpcL1wvbWFpc29uYWxwYXJjby5pdFwvd3AtY29udGVudFwvdXBsb2Fkc1wvMjAyNlwvMDFcL2NhbWVyYTItMS1zY2FsZWQuanBnIiwic2xpZGVzaG93IjoiNjAzNTY5MSJ9\">\n\t\t\t\t\t<div class=\"e-gallery-image elementor-gallery-item__image\" data-thumbnail=\"https:\/\/maisonalparco.it\/wp-content\/uploads\/2026\/01\/camera2-1-300x200.jpg\" data-width=\"300\" data-height=\"200\" aria-label=\"\" role=\"img\" ><\/div>\n\t\t\t\t\t\t\t\t\t\t\t<div class=\"elementor-gallery-item__overlay\"><\/div>\n\t\t\t\t\t\t\t\t\t\t\t\t\t\t<\/a>\n\t\t\t\t\t\t\t<a class=\"e-gallery-item elementor-gallery-item elementor-animated-content\" href=\"https:\/\/maisonalparco.it\/wp-content\/uploads\/2026\/01\/letto-2-scaled.jpg\" data-elementor-open-lightbox=\"yes\" data-elementor-lightbox-slideshow=\"6035691\" data-elementor-lightbox-title=\"letto 2\" data-e-action-hash=\"#elementor-action%3Aaction%3Dlightbox%26settings%3DeyJpZCI6NDY2LCJ1cmwiOiJodHRwczpcL1wvbWFpc29uYWxwYXJjby5pdFwvd3AtY29udGVudFwvdXBsb2Fkc1wvMjAyNlwvMDFcL2xldHRvLTItc2NhbGVkLmpwZyIsInNsaWRlc2hvdyI6IjYwMzU2OTEifQ%3D%3D\">\n\t\t\t\t\t<div class=\"e-gallery-image elementor-gallery-item__image\" data-thumbnail=\"https:\/\/maisonalparco.it\/wp-content\/uploads\/2026\/01\/letto-2-300x200.jpg\" data-width=\"300\" data-height=\"200\" aria-label=\"\" role=\"img\" ><\/div>\n\t\t\t\t\t\t\t\t\t\t\t<div class=\"elementor-gallery-item__overlay\"><\/div>\n\t\t\t\t\t\t\t\t\t\t\t\t\t\t<\/a>\n\t\t\t\t\t<\/div>\n\t\t\t\t\t<\/div>\n\t\t\t\t\t<\/div>\n\t\t\t\t<\/div>\n\t\t\t\t<\/div>\n\t\t","protected":false},"excerpt":{"rendered":"<p>HABITACI\u00d3N DOBLE CON VISTA AL PARQUE LIBRO Acogedora, luminosa y cuidada minuciosamente, nuestra habitaci\u00f3n doble est\u00e1 dise\u00f1ada para garantizar el descanso y la relajaci\u00f3n. Los espacios modernos y relajantes ofrecen todo lo necesario para una estancia corta pero placentera. Una opci\u00f3n ideal para quienes buscan comodidad y conveniencia a solo minutos del aeropuerto.<\/p>\n","protected":false},"author":1,"featured_media":0,"parent":0,"menu_order":0,"comment_status":"closed","ping_status":"closed","template":"","meta":{"_seopress_robots_primary_cat":"","_seopress_titles_title":"","_seopress_titles_desc":"","_seopress_robots_index":"","footnotes":""},"class_list":["post-460","page","type-page","status-publish","hentry"],"_links":{"self":[{"href":"https:\/\/maisonalparco.it\/es\/wp-json\/wp\/v2\/pages\/460","targetHints":{"allow":["GET"]}}],"collection":[{"href":"https:\/\/maisonalparco.it\/es\/wp-json\/wp\/v2\/pages"}],"about":[{"href":"https:\/\/maisonalparco.it\/es\/wp-json\/wp\/v2\/types\/page"}],"author":[{"embeddable":true,"href":"https:\/\/maisonalparco.it\/es\/wp-json\/wp\/v2\/users\/1"}],"replies":[{"embeddable":true,"href":"https:\/\/maisonalparco.it\/es\/wp-json\/wp\/v2\/comments?post=460"}],"version-history":[{"count":0,"href":"https:\/\/maisonalparco.it\/es\/wp-json\/wp\/v2\/pages\/460\/revisions"}],"wp:attachment":[{"href":"https:\/\/maisonalparco.it\/es\/wp-json\/wp\/v2\/media?parent=460"}],"curies":[{"name":"wp","href":"https:\/\/api.w.org\/{rel}","templated":true}]}}