{"id":434,"date":"2026-01-12T20:01:32","date_gmt":"2026-01-12T20:01:32","guid":{"rendered":"https:\/\/maisonalparco.it\/doppelzimmer-mit-balkon\/"},"modified":"2026-03-22T06:22:50","modified_gmt":"2026-03-22T06:22:50","slug":"doppelzimmer-mit-balkon","status":"publish","type":"page","link":"https:\/\/maisonalparco.it\/de\/doppelzimmer-mit-balkon\/","title":{"rendered":"DOPPELZIMMER MIT BALKON"},"content":{"rendered":"\t\t<div data-elementor-type=\"wp-page\" data-elementor-id=\"434\" class=\"elementor elementor-434 elementor-220\" data-elementor-post-type=\"page\">\n\t\t\t\t<div class=\"elementor-element elementor-element-5503d83 e-flex e-con-boxed e-con e-parent\" data-id=\"5503d83\" data-element_type=\"container\" data-e-type=\"container\">\n\t\t\t\t\t<div class=\"e-con-inner\">\n\t\t<div class=\"elementor-element elementor-element-017c188 e-con-full e-flex e-con e-child\" data-id=\"017c188\" data-element_type=\"container\" data-e-type=\"container\">\n\t\t\t\t<div class=\"elementor-element elementor-element-434d302 elementor-widget elementor-widget-text-editor\" data-id=\"434d302\" data-element_type=\"widget\" data-e-type=\"widget\" data-widget_type=\"text-editor.default\">\n\t\t\t\t\t\t\t\t\t<p><strong>DOPPELZIMMER MIT BALKON<\/strong><\/p>\t\t\t\t\t\t\t\t<\/div>\n\t\t\t\t<div class=\"elementor-element elementor-element-585be83 elementor-widget__width-auto elementor-widget elementor-widget-button\" data-id=\"585be83\" data-element_type=\"widget\" data-e-type=\"widget\" data-widget_type=\"button.default\">\n\t\t\t\t\t\t\t\t\t\t<a class=\"elementor-button elementor-button-link elementor-size-sm\" href=\"https:\/\/wubook.net\/nneb\/bk?f=today&#038;n=1&#038;ep=b224cf2a&#038;o=1.0.0.0\" target=\"_blank\">\n\t\t\t\t\t\t<span class=\"elementor-button-content-wrapper\">\n\t\t\t\t\t\t\t\t\t<span class=\"elementor-button-text\">BUCH<\/span>\n\t\t\t\t\t<\/span>\n\t\t\t\t\t<\/a>\n\t\t\t\t\t\t\t\t<\/div>\n\t\t\t\t<\/div>\n\t\t<div class=\"elementor-element elementor-element-387d724 e-con-full e-flex e-con e-child\" data-id=\"387d724\" data-element_type=\"container\" data-e-type=\"container\">\n\t\t\t\t<div class=\"elementor-element elementor-element-b05119a elementor-widget elementor-widget-text-editor\" data-id=\"b05119a\" data-element_type=\"widget\" data-e-type=\"widget\" data-widget_type=\"text-editor.default\">\n\t\t\t\t\t\t\t\t\t<p>Gro\u00dfz\u00fcgige R\u00e4ume, modernes Design und eine entspannende Atmosph\u00e4re: Dieses Zimmer vereint Stil und Komfort. Ideal f\u00fcr alle, die das Besondere suchen: Hier genie\u00dfen Sie h\u00f6chsten Komfort in einer intimen und ruhigen Atmosph\u00e4re.<br>Der perfekte Ort, um sich vor oder nach einer Reise einen Moment der puren Entspannung zu g\u00f6nnen.<\/p>\t\t\t\t\t\t\t\t<\/div>\n\t\t\t\t<\/div>\n\t\t\t\t\t<\/div>\n\t\t\t\t<\/div>\n\t\t<div class=\"elementor-element elementor-element-07c8d39 e-flex e-con-boxed e-con e-parent\" data-id=\"07c8d39\" data-element_type=\"container\" data-e-type=\"container\">\n\t\t\t\t\t<div class=\"e-con-inner\">\n\t\t\t\t<div class=\"elementor-element elementor-element-2adfbca elementor-widget elementor-widget-gallery\" data-id=\"2adfbca\" data-element_type=\"widget\" data-e-type=\"widget\" data-settings=\"{&quot;columns&quot;:3,&quot;gallery_layout&quot;:&quot;grid&quot;,&quot;columns_tablet&quot;:2,&quot;columns_mobile&quot;:1,&quot;gap&quot;:{&quot;unit&quot;:&quot;px&quot;,&quot;size&quot;:10,&quot;sizes&quot;:[]},&quot;gap_tablet&quot;:{&quot;unit&quot;:&quot;px&quot;,&quot;size&quot;:10,&quot;sizes&quot;:[]},&quot;gap_mobile&quot;:{&quot;unit&quot;:&quot;px&quot;,&quot;size&quot;:10,&quot;sizes&quot;:[]},&quot;link_to&quot;:&quot;file&quot;,&quot;aspect_ratio&quot;:&quot;3:2&quot;,&quot;overlay_background&quot;:&quot;yes&quot;,&quot;content_hover_animation&quot;:&quot;fade-in&quot;}\" data-widget_type=\"gallery.default\">\n\t\t\t\t\t\t\t<div class=\"elementor-gallery__container\">\n\t\t\t\t\t\t\t<a class=\"e-gallery-item elementor-gallery-item elementor-animated-content\" href=\"https:\/\/maisonalparco.it\/wp-content\/uploads\/2026\/01\/DSC0214-scaled.jpg\" data-elementor-open-lightbox=\"yes\" data-elementor-lightbox-slideshow=\"2adfbca\" data-elementor-lightbox-title=\"_DSC0214\" data-e-action-hash=\"#elementor-action%3Aaction%3Dlightbox%26settings%3DeyJpZCI6NDM1LCJ1cmwiOiJodHRwczpcL1wvbWFpc29uYWxwYXJjby5pdFwvd3AtY29udGVudFwvdXBsb2Fkc1wvMjAyNlwvMDFcL0RTQzAyMTQtc2NhbGVkLmpwZyIsInNsaWRlc2hvdyI6IjJhZGZiY2EifQ%3D%3D\">\n\t\t\t\t\t<div class=\"e-gallery-image elementor-gallery-item__image\" data-thumbnail=\"https:\/\/maisonalparco.it\/wp-content\/uploads\/2026\/01\/DSC0214-300x200.jpg\" data-width=\"300\" data-height=\"200\" aria-label=\"\" role=\"img\" ><\/div>\n\t\t\t\t\t\t\t\t\t\t\t<div class=\"elementor-gallery-item__overlay\"><\/div>\n\t\t\t\t\t\t\t\t\t\t\t\t\t\t<\/a>\n\t\t\t\t\t\t\t<a class=\"e-gallery-item elementor-gallery-item elementor-animated-content\" href=\"https:\/\/maisonalparco.it\/wp-content\/uploads\/2026\/01\/DSC0217-scaled.jpg\" data-elementor-open-lightbox=\"yes\" data-elementor-lightbox-slideshow=\"2adfbca\" data-elementor-lightbox-title=\"_DSC0217\" data-e-action-hash=\"#elementor-action%3Aaction%3Dlightbox%26settings%3DeyJpZCI6NDM2LCJ1cmwiOiJodHRwczpcL1wvbWFpc29uYWxwYXJjby5pdFwvd3AtY29udGVudFwvdXBsb2Fkc1wvMjAyNlwvMDFcL0RTQzAyMTctc2NhbGVkLmpwZyIsInNsaWRlc2hvdyI6IjJhZGZiY2EifQ%3D%3D\">\n\t\t\t\t\t<div class=\"e-gallery-image elementor-gallery-item__image\" data-thumbnail=\"https:\/\/maisonalparco.it\/wp-content\/uploads\/2026\/01\/DSC0217-300x200.jpg\" data-width=\"300\" data-height=\"200\" aria-label=\"\" role=\"img\" ><\/div>\n\t\t\t\t\t\t\t\t\t\t\t<div class=\"elementor-gallery-item__overlay\"><\/div>\n\t\t\t\t\t\t\t\t\t\t\t\t\t\t<\/a>\n\t\t\t\t\t\t\t<a class=\"e-gallery-item elementor-gallery-item elementor-animated-content\" href=\"https:\/\/maisonalparco.it\/wp-content\/uploads\/2026\/01\/DSC0222-1-scaled.jpg\" data-elementor-open-lightbox=\"yes\" data-elementor-lightbox-slideshow=\"2adfbca\" data-elementor-lightbox-title=\"_DSC0222\" data-e-action-hash=\"#elementor-action%3Aaction%3Dlightbox%26settings%3DeyJpZCI6NDM3LCJ1cmwiOiJodHRwczpcL1wvbWFpc29uYWxwYXJjby5pdFwvd3AtY29udGVudFwvdXBsb2Fkc1wvMjAyNlwvMDFcL0RTQzAyMjItMS1zY2FsZWQuanBnIiwic2xpZGVzaG93IjoiMmFkZmJjYSJ9\">\n\t\t\t\t\t<div class=\"e-gallery-image elementor-gallery-item__image\" data-thumbnail=\"https:\/\/maisonalparco.it\/wp-content\/uploads\/2026\/01\/DSC0222-1-300x200.jpg\" data-width=\"300\" data-height=\"200\" aria-label=\"\" role=\"img\" ><\/div>\n\t\t\t\t\t\t\t\t\t\t\t<div class=\"elementor-gallery-item__overlay\"><\/div>\n\t\t\t\t\t\t\t\t\t\t\t\t\t\t<\/a>\n\t\t\t\t\t\t\t<a class=\"e-gallery-item elementor-gallery-item elementor-animated-content\" href=\"https:\/\/maisonalparco.it\/wp-content\/uploads\/2026\/01\/DSC0232-scaled.jpg\" data-elementor-open-lightbox=\"yes\" data-elementor-lightbox-slideshow=\"2adfbca\" data-elementor-lightbox-title=\"_DSC0232\" data-e-action-hash=\"#elementor-action%3Aaction%3Dlightbox%26settings%3DeyJpZCI6NDM4LCJ1cmwiOiJodHRwczpcL1wvbWFpc29uYWxwYXJjby5pdFwvd3AtY29udGVudFwvdXBsb2Fkc1wvMjAyNlwvMDFcL0RTQzAyMzItc2NhbGVkLmpwZyIsInNsaWRlc2hvdyI6IjJhZGZiY2EifQ%3D%3D\">\n\t\t\t\t\t<div class=\"e-gallery-image elementor-gallery-item__image\" data-thumbnail=\"https:\/\/maisonalparco.it\/wp-content\/uploads\/2026\/01\/DSC0232-300x200.jpg\" data-width=\"300\" data-height=\"200\" aria-label=\"\" role=\"img\" ><\/div>\n\t\t\t\t\t\t\t\t\t\t\t<div class=\"elementor-gallery-item__overlay\"><\/div>\n\t\t\t\t\t\t\t\t\t\t\t\t\t\t<\/a>\n\t\t\t\t\t\t\t<a class=\"e-gallery-item elementor-gallery-item elementor-animated-content\" href=\"https:\/\/maisonalparco.it\/wp-content\/uploads\/2026\/01\/WhatsApp-Image-2025-01-22-at-14.54.16.jpeg\" data-elementor-open-lightbox=\"yes\" data-elementor-lightbox-slideshow=\"2adfbca\" data-elementor-lightbox-title=\"WhatsApp Image 2025-01-22 at 14.54.16\" data-e-action-hash=\"#elementor-action%3Aaction%3Dlightbox%26settings%3DeyJpZCI6NDM5LCJ1cmwiOiJodHRwczpcL1wvbWFpc29uYWxwYXJjby5pdFwvd3AtY29udGVudFwvdXBsb2Fkc1wvMjAyNlwvMDFcL1doYXRzQXBwLUltYWdlLTIwMjUtMDEtMjItYXQtMTQuNTQuMTYuanBlZyIsInNsaWRlc2hvdyI6IjJhZGZiY2EifQ%3D%3D\">\n\t\t\t\t\t<div class=\"e-gallery-image elementor-gallery-item__image\" data-thumbnail=\"https:\/\/maisonalparco.it\/wp-content\/uploads\/2026\/01\/WhatsApp-Image-2025-01-22-at-14.54.16-300x200.jpeg\" data-width=\"300\" data-height=\"200\" aria-label=\"\" role=\"img\" ><\/div>\n\t\t\t\t\t\t\t\t\t\t\t<div class=\"elementor-gallery-item__overlay\"><\/div>\n\t\t\t\t\t\t\t\t\t\t\t\t\t\t<\/a>\n\t\t\t\t\t\t\t<a class=\"e-gallery-item elementor-gallery-item elementor-animated-content\" href=\"https:\/\/maisonalparco.it\/wp-content\/uploads\/2026\/01\/WhatsApp-Image-2025-01-22-at-14.29.39-1.jpeg\" data-elementor-open-lightbox=\"yes\" data-elementor-lightbox-slideshow=\"2adfbca\" data-elementor-lightbox-title=\"WhatsApp Image 2025-01-22 at 14.29.39 (1)\" data-e-action-hash=\"#elementor-action%3Aaction%3Dlightbox%26settings%3DeyJpZCI6NDQwLCJ1cmwiOiJodHRwczpcL1wvbWFpc29uYWxwYXJjby5pdFwvd3AtY29udGVudFwvdXBsb2Fkc1wvMjAyNlwvMDFcL1doYXRzQXBwLUltYWdlLTIwMjUtMDEtMjItYXQtMTQuMjkuMzktMS5qcGVnIiwic2xpZGVzaG93IjoiMmFkZmJjYSJ9\">\n\t\t\t\t\t<div class=\"e-gallery-image elementor-gallery-item__image\" data-thumbnail=\"https:\/\/maisonalparco.it\/wp-content\/uploads\/2026\/01\/WhatsApp-Image-2025-01-22-at-14.29.39-1-300x200.jpeg\" data-width=\"300\" data-height=\"200\" aria-label=\"\" role=\"img\" ><\/div>\n\t\t\t\t\t\t\t\t\t\t\t<div class=\"elementor-gallery-item__overlay\"><\/div>\n\t\t\t\t\t\t\t\t\t\t\t\t\t\t<\/a>\n\t\t\t\t\t\t\t<a class=\"e-gallery-item elementor-gallery-item elementor-animated-content\" href=\"https:\/\/maisonalparco.it\/wp-content\/uploads\/2026\/01\/WhatsApp-Image-2025-01-22-at-14.54.13.jpeg\" data-elementor-open-lightbox=\"yes\" data-elementor-lightbox-slideshow=\"2adfbca\" data-elementor-lightbox-title=\"WhatsApp Image 2025-01-22 at 14.54.13\" data-e-action-hash=\"#elementor-action%3Aaction%3Dlightbox%26settings%3DeyJpZCI6NDQxLCJ1cmwiOiJodHRwczpcL1wvbWFpc29uYWxwYXJjby5pdFwvd3AtY29udGVudFwvdXBsb2Fkc1wvMjAyNlwvMDFcL1doYXRzQXBwLUltYWdlLTIwMjUtMDEtMjItYXQtMTQuNTQuMTMuanBlZyIsInNsaWRlc2hvdyI6IjJhZGZiY2EifQ%3D%3D\">\n\t\t\t\t\t<div class=\"e-gallery-image elementor-gallery-item__image\" data-thumbnail=\"https:\/\/maisonalparco.it\/wp-content\/uploads\/2026\/01\/WhatsApp-Image-2025-01-22-at-14.54.13-300x200.jpeg\" data-width=\"300\" data-height=\"200\" aria-label=\"\" role=\"img\" ><\/div>\n\t\t\t\t\t\t\t\t\t\t\t<div class=\"elementor-gallery-item__overlay\"><\/div>\n\t\t\t\t\t\t\t\t\t\t\t\t\t\t<\/a>\n\t\t\t\t\t\t\t<a class=\"e-gallery-item elementor-gallery-item elementor-animated-content\" href=\"https:\/\/maisonalparco.it\/wp-content\/uploads\/2026\/01\/WhatsApp-Image-2025-01-22-at-14.54.18.jpeg\" data-elementor-open-lightbox=\"yes\" data-elementor-lightbox-slideshow=\"2adfbca\" data-elementor-lightbox-title=\"WhatsApp Image 2025-01-22 at 14.54.18\" data-e-action-hash=\"#elementor-action%3Aaction%3Dlightbox%26settings%3DeyJpZCI6NDQyLCJ1cmwiOiJodHRwczpcL1wvbWFpc29uYWxwYXJjby5pdFwvd3AtY29udGVudFwvdXBsb2Fkc1wvMjAyNlwvMDFcL1doYXRzQXBwLUltYWdlLTIwMjUtMDEtMjItYXQtMTQuNTQuMTguanBlZyIsInNsaWRlc2hvdyI6IjJhZGZiY2EifQ%3D%3D\">\n\t\t\t\t\t<div class=\"e-gallery-image elementor-gallery-item__image\" data-thumbnail=\"https:\/\/maisonalparco.it\/wp-content\/uploads\/2026\/01\/WhatsApp-Image-2025-01-22-at-14.54.18-300x200.jpeg\" data-width=\"300\" data-height=\"200\" aria-label=\"\" role=\"img\" ><\/div>\n\t\t\t\t\t\t\t\t\t\t\t<div class=\"elementor-gallery-item__overlay\"><\/div>\n\t\t\t\t\t\t\t\t\t\t\t\t\t\t<\/a>\n\t\t\t\t\t\t\t<a class=\"e-gallery-item elementor-gallery-item elementor-animated-content\" href=\"https:\/\/maisonalparco.it\/wp-content\/uploads\/2026\/01\/DSC0241-scaled.jpg\" data-elementor-open-lightbox=\"yes\" data-elementor-lightbox-slideshow=\"2adfbca\" data-elementor-lightbox-title=\"_DSC0241\" data-e-action-hash=\"#elementor-action%3Aaction%3Dlightbox%26settings%3DeyJpZCI6NDQzLCJ1cmwiOiJodHRwczpcL1wvbWFpc29uYWxwYXJjby5pdFwvd3AtY29udGVudFwvdXBsb2Fkc1wvMjAyNlwvMDFcL0RTQzAyNDEtc2NhbGVkLmpwZyIsInNsaWRlc2hvdyI6IjJhZGZiY2EifQ%3D%3D\">\n\t\t\t\t\t<div class=\"e-gallery-image elementor-gallery-item__image\" data-thumbnail=\"https:\/\/maisonalparco.it\/wp-content\/uploads\/2026\/01\/DSC0241-300x200.jpg\" data-width=\"300\" data-height=\"200\" aria-label=\"\" role=\"img\" ><\/div>\n\t\t\t\t\t\t\t\t\t\t\t<div class=\"elementor-gallery-item__overlay\"><\/div>\n\t\t\t\t\t\t\t\t\t\t\t\t\t\t<\/a>\n\t\t\t\t\t\t\t<a class=\"e-gallery-item elementor-gallery-item elementor-animated-content\" href=\"https:\/\/maisonalparco.it\/wp-content\/uploads\/2026\/01\/DSC0254-scaled.jpg\" data-elementor-open-lightbox=\"yes\" data-elementor-lightbox-slideshow=\"2adfbca\" data-elementor-lightbox-title=\"_DSC0254\" data-e-action-hash=\"#elementor-action%3Aaction%3Dlightbox%26settings%3DeyJpZCI6NDQ0LCJ1cmwiOiJodHRwczpcL1wvbWFpc29uYWxwYXJjby5pdFwvd3AtY29udGVudFwvdXBsb2Fkc1wvMjAyNlwvMDFcL0RTQzAyNTQtc2NhbGVkLmpwZyIsInNsaWRlc2hvdyI6IjJhZGZiY2EifQ%3D%3D\">\n\t\t\t\t\t<div class=\"e-gallery-image elementor-gallery-item__image\" data-thumbnail=\"https:\/\/maisonalparco.it\/wp-content\/uploads\/2026\/01\/DSC0254-300x200.jpg\" data-width=\"300\" data-height=\"200\" aria-label=\"\" role=\"img\" ><\/div>\n\t\t\t\t\t\t\t\t\t\t\t<div class=\"elementor-gallery-item__overlay\"><\/div>\n\t\t\t\t\t\t\t\t\t\t\t\t\t\t<\/a>\n\t\t\t\t\t\t\t<a class=\"e-gallery-item elementor-gallery-item elementor-animated-content\" href=\"https:\/\/maisonalparco.it\/wp-content\/uploads\/2026\/01\/DSC0256-scaled.jpg\" data-elementor-open-lightbox=\"yes\" data-elementor-lightbox-slideshow=\"2adfbca\" data-elementor-lightbox-title=\"_DSC0256\" data-e-action-hash=\"#elementor-action%3Aaction%3Dlightbox%26settings%3DeyJpZCI6NDQ1LCJ1cmwiOiJodHRwczpcL1wvbWFpc29uYWxwYXJjby5pdFwvd3AtY29udGVudFwvdXBsb2Fkc1wvMjAyNlwvMDFcL0RTQzAyNTYtc2NhbGVkLmpwZyIsInNsaWRlc2hvdyI6IjJhZGZiY2EifQ%3D%3D\">\n\t\t\t\t\t<div class=\"e-gallery-image elementor-gallery-item__image\" data-thumbnail=\"https:\/\/maisonalparco.it\/wp-content\/uploads\/2026\/01\/DSC0256-300x200.jpg\" data-width=\"300\" data-height=\"200\" aria-label=\"\"0 role=\"img\" ><\/div>\n\t\t\t\t\t\t\t\t\t\t\t<div class=\"elementor-gallery-item__overlay\"><\/div>\n\t\t\t\t\t\t\t\t\t\t\t\t\t\t<\/a>\n\t\t\t\t\t<\/div>\n\t\t\t\t\t<\/div>\n\t\t\t\t\t<\/div>\n\t\t\t\t<\/div>\n\t\t\t\t<\/div>\n\t\t","protected":false},"excerpt":{"rendered":"<p>DOPPELZIMMER MIT BALKON BUCH Gro\u00dfz\u00fcgige R\u00e4ume, modernes Design und eine entspannende Atmosph\u00e4re: Dieses Zimmer vereint Stil und Komfort. Ideal f\u00fcr alle, die das Besondere suchen: Hier genie\u00dfen Sie h\u00f6chsten Komfort in einer intimen und ruhigen Atmosph\u00e4re.Der perfekte Ort, um sich vor oder nach einer Reise einen Moment der puren Entspannung zu g\u00f6nnen.<\/p>\n","protected":false},"author":1,"featured_media":0,"parent":0,"menu_order":0,"comment_status":"closed","ping_status":"closed","template":"","meta":{"_seopress_robots_primary_cat":"","_seopress_titles_title":"","_seopress_titles_desc":"","_seopress_robots_index":"","footnotes":""},"class_list":["post-434","page","type-page","status-publish","hentry"],"_links":{"self":[{"href":"https:\/\/maisonalparco.it\/de\/wp-json\/wp\/v2\/pages\/434","targetHints":{"allow":["GET"]}}],"collection":[{"href":"https:\/\/maisonalparco.it\/de\/wp-json\/wp\/v2\/pages"}],"about":[{"href":"https:\/\/maisonalparco.it\/de\/wp-json\/wp\/v2\/types\/page"}],"author":[{"embeddable":true,"href":"https:\/\/maisonalparco.it\/de\/wp-json\/wp\/v2\/users\/1"}],"replies":[{"embeddable":true,"href":"https:\/\/maisonalparco.it\/de\/wp-json\/wp\/v2\/comments?post=434"}],"version-history":[{"count":0,"href":"https:\/\/maisonalparco.it\/de\/wp-json\/wp\/v2\/pages\/434\/revisions"}],"wp:attachment":[{"href":"https:\/\/maisonalparco.it\/de\/wp-json\/wp\/v2\/media?parent=434"}],"curies":[{"name":"wp","href":"https:\/\/api.w.org\/{rel}","templated":true}]}}